{"id":901,"date":"2024-04-12T10:53:03","date_gmt":"2024-04-12T10:53:03","guid":{"rendered":"http:\/\/esimerkki.latodesign.fi\/wordpress\/?page_id=901"},"modified":"2024-04-15T00:14:54","modified_gmt":"2024-04-15T00:14:54","slug":"jysklahti","status":"publish","type":"page","link":"http:\/\/esimerkki.latodesign.fi\/wordpress\/jysklahti\/","title":{"rendered":"jysklahti"},"content":{"rendered":"<style>.kb-row-layout-wrap.wp-block-kadence-rowlayout.kb-row-layout-id901_3d0f62-5f{margin-top:0px;margin-bottom:0px;}.kb-row-layout-id901_3d0f62-5f > .kt-row-column-wrap{align-content:center;}:where(.kb-row-layout-id901_3d0f62-5f > .kt-row-column-wrap) > .wp-block-kadence-column{justify-content:center;}.kb-row-layout-id901_3d0f62-5f > .kt-row-column-wrap{column-gap:var(--global-kb-gap-lg, 4rem);row-gap:var(--global-kb-gap-md, 2rem);padding-top:var(--global-kb-spacing-xl, 4rem);padding-right:var(--global-kb-spacing-lg, 3rem);padding-left:var(--global-kb-spacing-lg, 3rem);grid-template-columns:repeat(2, minmax(0, 1fr));}.kb-row-layout-id901_3d0f62-5f > .kt-row-layout-overlay{opacity:0.30;}@media all and (max-width: 1024px){.kb-row-layout-id901_3d0f62-5f > .kt-row-column-wrap{padding-right:0px;padding-left:0px;grid-template-columns:minmax(0, 1fr);}}@media all and (max-width: 767px){.kb-row-layout-id901_3d0f62-5f > .kt-row-column-wrap{padding-top:var(--global-kb-spacing-xs, 1rem);grid-template-columns:minmax(0, 1fr);}}<\/style><div class=\"kb-row-layout-wrap kb-row-layout-id901_3d0f62-5f alignfull has-theme-palette9-background-color kt-row-has-bg wp-block-kadence-rowlayout\"><div class=\"kt-row-column-wrap kt-has-2-columns kt-row-layout-equal kt-tab-layout-row kt-mobile-layout-row kt-row-valign-middle\">\n<style>.kadence-column901_0110b9-ad > .kt-inside-inner-col,.kadence-column901_0110b9-ad > .kt-inside-inner-col:before{border-top-left-radius:0px;border-top-right-radius:0px;border-bottom-right-radius:0px;border-bottom-left-radius:0px;}.kadence-column901_0110b9-ad > .kt-inside-inner-col{column-gap:var(--global-kb-gap-sm, 1rem);}.kadence-column901_0110b9-ad > .kt-inside-inner-col{flex-direction:column;}.kadence-column901_0110b9-ad > .kt-inside-inner-col > .aligncenter{width:100%;}.kadence-column901_0110b9-ad > .kt-inside-inner-col:before{opacity:0.3;}.kadence-column901_0110b9-ad{position:relative;}@media all and (max-width: 1024px){.kadence-column901_0110b9-ad > .kt-inside-inner-col{flex-direction:column;}}@media all and (max-width: 767px){.kadence-column901_0110b9-ad > .kt-inside-inner-col{flex-direction:column;}}<\/style>\n<div class=\"wp-block-kadence-column kadence-column901_0110b9-ad\"><div class=\"kt-inside-inner-col\"><style>.kb-gallery-id-901_e2b90b-cd .kadence-blocks-gallery-item .kb-gal-image-radius{border-radius:0px 0px 0px 0px;}@media all and (max-width: 767px){.wp-block-kadence-advancedgallery.kb-gallery-wrap-id-901_e2b90b-cd{padding-right:var(--global-kb-spacing-xs, 1rem);padding-left:var(--global-kb-spacing-xs, 1rem);}}<\/style><div class=\"kb-gallery-wrap-id-901_e2b90b-cd alignnone wp-block-kadence-advancedgallery\"><div class=\"kb-gallery-ul kb-gallery-non-static kb-gallery-type-slider kb-gallery-id-901_e2b90b-cd kb-gallery-caption-style-bottom-hover kb-gallery-filter-none\" data-image-filter=\"none\" data-lightbox-caption=\"true\"><div class=\"kt-blocks-carousel kt-carousel-container-dotstyle-dark\"><div class=\"kt-blocks-carousel-init kb-blocks-slider kt-carousel-arrowstyle-none kt-carousel-dotstyle-dark\" data-slider-anim-speed=\"400\" data-slider-scroll=\"1\" data-slider-arrows=\"false\" data-slider-fade=\"true\" data-slider-dots=\"true\"data-slider-type=\"slider\"  data-slider-hover-pause=\"false\" data-slider-auto=\"1\" data-slider-speed=\"7000\"><div class=\"kb-slide-item kb-gallery-slide-item\"><div class=\"kadence-blocks-gallery-item\"><div class=\"kadence-blocks-gallery-item-inner\"><figure class=\"kb-gallery-figure kadence-blocks-gallery-item-hide-caption\" \"><div class=\"kb-gal-image-radius\"><div class=\"kb-gallery-image-contain kadence-blocks-gallery-intrinsic kb-gallery-image-ratio-square kb-has-image-ratio-square\" ><img loading=\"lazy\" decoding=\"async\" src=\"http:\/\/esimerkki.latodesign.fi\/wordpress\/wp-content\/uploads\/2024\/04\/Jysk1_yjaAEys2-1024x768.jpg\" width=\"1024\" height=\"768\" alt=\"\" data-full-image=\"http:\/\/esimerkki.latodesign.fi\/wordpress\/wp-content\/uploads\/2024\/04\/Jysk1_yjaAEys2.jpg\" data-light-image=\"http:\/\/esimerkki.latodesign.fi\/wordpress\/wp-content\/uploads\/2024\/04\/Jysk1_yjaAEys2.jpg\" data-id=\"786\" class=\"wp-image-786 skip-lazy\" srcset=\"http:\/\/esimerkki.latodesign.fi\/wordpress\/wp-content\/uploads\/2024\/04\/Jysk1_yjaAEys2-1024x768.jpg 1024w, http:\/\/esimerkki.latodesign.fi\/wordpress\/wp-content\/uploads\/2024\/04\/Jysk1_yjaAEys2-300x225.jpg 300w, http:\/\/esimerkki.latodesign.fi\/wordpress\/wp-content\/uploads\/2024\/04\/Jysk1_yjaAEys2-768x576.jpg 768w, http:\/\/esimerkki.latodesign.fi\/wordpress\/wp-content\/uploads\/2024\/04\/Jysk1_yjaAEys2-1536x1152.jpg 1536w, http:\/\/esimerkki.latodesign.fi\/wordpress\/wp-content\/uploads\/2024\/04\/Jysk1_yjaAEys2.jpg 2000w\" sizes=\"auto, (max-width: 1024px) 100vw, 1024px\" \/><\/div><\/div><\/figure><\/div><\/div><\/div><\/div><\/div><\/div><\/div><\/div><\/div>\n\n\n<style>.kadence-column901_26c9c5-ea > .kt-inside-inner-col{display:flex;}.kadence-column901_26c9c5-ea > .kt-inside-inner-col{padding-right:var(--global-kb-spacing-3xl, 6.5rem);padding-left:0px;}.kadence-column901_26c9c5-ea > .kt-inside-inner-col,.kadence-column901_26c9c5-ea > .kt-inside-inner-col:before{border-top-left-radius:0px;border-top-right-radius:0px;border-bottom-right-radius:0px;border-bottom-left-radius:0px;}.kadence-column901_26c9c5-ea > .kt-inside-inner-col{row-gap:var(--global-kb-gap-sm, 1rem);column-gap:var(--global-kb-gap-sm, 1rem);}.kadence-column901_26c9c5-ea > .kt-inside-inner-col{flex-direction:column;}.kadence-column901_26c9c5-ea > .kt-inside-inner-col > .aligncenter{width:100%;}.kadence-column901_26c9c5-ea > .kt-inside-inner-col:before{opacity:0.3;}.kadence-column901_26c9c5-ea{position:relative;}@media all and (max-width: 1024px){.kadence-column901_26c9c5-ea > .kt-inside-inner-col{padding-top:0px;padding-bottom:var(--global-kb-spacing-lg, 3rem);flex-direction:row;flex-wrap:wrap;justify-content:center;}}@media all and (min-width: 768px) and (max-width: 1024px){.kadence-column901_26c9c5-ea > .kt-inside-inner-col > *, .kadence-column901_26c9c5-ea > .kt-inside-inner-col > figure.wp-block-image, .kadence-column901_26c9c5-ea > .kt-inside-inner-col > figure.wp-block-kadence-image{margin-top:0px;margin-bottom:0px;}.kadence-column901_26c9c5-ea > .kt-inside-inner-col > .kb-image-is-ratio-size{flex-grow:1;}}@media all and (max-width: 767px){.kadence-column901_26c9c5-ea > .kt-inside-inner-col{padding-right:var(--global-kb-spacing-sm, 1.5rem);padding-left:var(--global-kb-spacing-sm, 1.5rem);flex-direction:row;flex-wrap:wrap;justify-content:center;}.kadence-column901_26c9c5-ea > .kt-inside-inner-col > *, .kadence-column901_26c9c5-ea > .kt-inside-inner-col > figure.wp-block-image, .kadence-column901_26c9c5-ea > .kt-inside-inner-col > figure.wp-block-kadence-image{margin-top:0px;margin-bottom:0px;}.kadence-column901_26c9c5-ea > .kt-inside-inner-col > .kb-image-is-ratio-size{flex-grow:1;}}<\/style>\n<div class=\"wp-block-kadence-column kadence-column901_26c9c5-ea kb-section-dir-vertical kb-section-md-dir-horizontal\"><div class=\"kt-inside-inner-col\"><style>.wp-block-kadence-advancedheading.kt-adv-heading901_a8d67c-bd, .wp-block-kadence-advancedheading.kt-adv-heading901_a8d67c-bd[data-kb-block=\"kb-adv-heading901_a8d67c-bd\"]{padding-top:0px;margin-top:var(--global-kb-spacing-sm, 1.5rem);text-align:left;font-size:var(--global-kb-font-size-xl, 3rem);line-height:1.2;font-style:normal;}.wp-block-kadence-advancedheading.kt-adv-heading901_a8d67c-bd mark, .wp-block-kadence-advancedheading.kt-adv-heading901_a8d67c-bd[data-kb-block=\"kb-adv-heading901_a8d67c-bd\"] mark{font-style:normal;color:#f76a0c;padding-top:0px;padding-right:0px;padding-bottom:0px;padding-left:0px;}<\/style>\n<h2 class=\"kt-adv-heading901_a8d67c-bd wp-block-kadence-advancedheading has-theme-palette-1-color has-text-color\" data-kb-block=\"kb-adv-heading901_a8d67c-bd\">Jysk- Lahti<\/h2>\n\n\n<style>.wp-block-kadence-advancedheading.kt-adv-heading901_1a10d0-c5, .wp-block-kadence-advancedheading.kt-adv-heading901_1a10d0-c5[data-kb-block=\"kb-adv-heading901_1a10d0-c5\"]{display:block;padding-bottom:0px;margin-bottom:0px;text-align:left;font-style:normal;text-transform:uppercase;}.wp-block-kadence-advancedheading.kt-adv-heading901_1a10d0-c5 mark, .wp-block-kadence-advancedheading.kt-adv-heading901_1a10d0-c5[data-kb-block=\"kb-adv-heading901_1a10d0-c5\"] mark{font-style:normal;color:#f76a0c;padding-top:0px;padding-right:0px;padding-bottom:0px;padding-left:0px;}<\/style>\n<span class=\"kt-adv-heading901_1a10d0-c5 wp-block-kadence-advancedheading has-theme-palette-3-color has-text-color\" data-kb-block=\"kb-adv-heading901_1a10d0-c5\">Kohde: Toimitilamuutos, s\u00e4hk\u00f6urakointi, Lahti v.2023<br><\/span>\n\n\n<style>.wp-block-kadence-advancedheading.kt-adv-heading901_13d31d-7d, .wp-block-kadence-advancedheading.kt-adv-heading901_13d31d-7d[data-kb-block=\"kb-adv-heading901_13d31d-7d\"]{text-align:left;font-style:normal;}.wp-block-kadence-advancedheading.kt-adv-heading901_13d31d-7d mark, .wp-block-kadence-advancedheading.kt-adv-heading901_13d31d-7d[data-kb-block=\"kb-adv-heading901_13d31d-7d\"] mark{font-style:normal;color:#f76a0c;padding-top:0px;padding-right:0px;padding-bottom:0px;padding-left:0px;}<\/style>\n<p class=\"kt-adv-heading901_13d31d-7d wp-block-kadence-advancedheading has-theme-palette-3-color has-text-color\" data-kb-block=\"kb-adv-heading901_13d31d-7d\">Tarvitsetko ammattitaitoista urakoitsijaa teollisuushallin s\u00e4hk\u00f6urakointiin? Meid\u00e4n tiimimme on erikoistunut tarjoamaan kattavia s\u00e4hk\u00f6urakointipalveluita teollisuustiloille, ja meill\u00e4 on vankka kokemus teollisuushallien s\u00e4hk\u00f6asennuksista.<br><br>S\u00e4hk\u00f6urakointi vaatii erityist\u00e4 osaamista ja tarkkuutta. Meid\u00e4n ammattitaitoiset s\u00e4hk\u00f6urakoitsijamme k\u00e4ytt\u00e4v\u00e4t nykyaikaisia ty\u00f6kaluja ja noudattavat alan parhaita k\u00e4yt\u00e4nt\u00f6j\u00e4 varmistaakseen turvalliset ja toimivat s\u00e4hk\u00f6j\u00e4rjestelm\u00e4t teollisuushallissasi.<br><br>Ymm\u00e4rr\u00e4mme, ett\u00e4 s\u00e4hk\u00f6j\u00e4rjestelm\u00e4t ovat t\u00e4rkeit\u00e4 liiketoimintasi sujuvuuden kannalta. Tarjoamme kattavia s\u00e4hk\u00f6urakointipalveluita, kuten s\u00e4hk\u00f6asennukset, kaapeloinnit, valaistusratkaisut, voimavirta-asennukset ja muut tarvittavat s\u00e4hk\u00f6ty\u00f6t.<br><br>Hakusanat: s\u00e4hk\u00f6urakointi, s\u00e4hk\u00f6asennukset, kaapelointi, valaistusratkaisut, voimavirta-asennukset, ammattitaitoinen s\u00e4hk\u00f6urakoitsija, luotettava s\u00e4hk\u00f6urakointi.<\/p>\n<\/div><\/div>\n\n<\/div><\/div>","protected":false},"excerpt":{"rendered":"<p>Jysk- Lahti Kohde: Toimitilamuutos, s\u00e4hk\u00f6urakointi, Lahti v.2023 Tarvitsetko ammattitaitoista urakoitsijaa teollisuushallin s\u00e4hk\u00f6urakointiin? Meid\u00e4n tiimimme on erikoistunut tarjoamaan kattavia s\u00e4hk\u00f6urakointipalveluita teollisuustiloille, ja meill\u00e4 on vankka kokemus teollisuushallien s\u00e4hk\u00f6asennuksista. S\u00e4hk\u00f6urakointi vaatii erityist\u00e4 osaamista ja tarkkuutta. Meid\u00e4n ammattitaitoiset s\u00e4hk\u00f6urakoitsijamme k\u00e4ytt\u00e4v\u00e4t nykyaikaisia ty\u00f6kaluja ja noudattavat alan parhaita k\u00e4yt\u00e4nt\u00f6j\u00e4 varmistaakseen turvalliset ja toimivat s\u00e4hk\u00f6j\u00e4rjestelm\u00e4t teollisuushallissasi. Ymm\u00e4rr\u00e4mme, ett\u00e4 s\u00e4hk\u00f6j\u00e4rjestelm\u00e4t ovat t\u00e4rkeit\u00e4&#8230;<\/p>\n","protected":false},"author":1,"featured_media":0,"parent":0,"menu_order":0,"comment_status":"closed","ping_status":"closed","template":"","meta":{"_kadence_starter_templates_imported_post":false,"_kad_post_transparent":"disable","_kad_post_title":"hide","_kad_post_layout":"","_kad_post_sidebar_id":"","_kad_post_content_style":"","_kad_post_vertical_padding":"","_kad_post_feature":"","_kad_post_feature_position":"","_kad_post_header":false,"_kad_post_footer":false,"footnotes":""},"class_list":["post-901","page","type-page","status-publish","hentry"],"_links":{"self":[{"href":"http:\/\/esimerkki.latodesign.fi\/wordpress\/wp-json\/wp\/v2\/pages\/901","targetHints":{"allow":["GET"]}}],"collection":[{"href":"http:\/\/esimerkki.latodesign.fi\/wordpress\/wp-json\/wp\/v2\/pages"}],"about":[{"href":"http:\/\/esimerkki.latodesign.fi\/wordpress\/wp-json\/wp\/v2\/types\/page"}],"author":[{"embeddable":true,"href":"http:\/\/esimerkki.latodesign.fi\/wordpress\/wp-json\/wp\/v2\/users\/1"}],"replies":[{"embeddable":true,"href":"http:\/\/esimerkki.latodesign.fi\/wordpress\/wp-json\/wp\/v2\/comments?post=901"}],"version-history":[{"count":4,"href":"http:\/\/esimerkki.latodesign.fi\/wordpress\/wp-json\/wp\/v2\/pages\/901\/revisions"}],"predecessor-version":[{"id":1087,"href":"http:\/\/esimerkki.latodesign.fi\/wordpress\/wp-json\/wp\/v2\/pages\/901\/revisions\/1087"}],"wp:attachment":[{"href":"http:\/\/esimerkki.latodesign.fi\/wordpress\/wp-json\/wp\/v2\/media?parent=901"}],"curies":[{"name":"wp","href":"https:\/\/api.w.org\/{rel}","templated":true}]}}