{"id":889,"date":"2024-04-12T10:32:08","date_gmt":"2024-04-12T10:32:08","guid":{"rendered":"http:\/\/esimerkki.latodesign.fi\/wordpress\/?page_id=889"},"modified":"2024-04-15T00:12:36","modified_gmt":"2024-04-15T00:12:36","slug":"kerrostaloremontti","status":"publish","type":"page","link":"http:\/\/esimerkki.latodesign.fi\/wordpress\/kerrostaloremontti\/","title":{"rendered":"kerrostaloremontti"},"content":{"rendered":"<style>.kb-row-layout-wrap.wp-block-kadence-rowlayout.kb-row-layout-id889_9ec146-4a{margin-top:0px;margin-bottom:0px;}.kb-row-layout-id889_9ec146-4a > .kt-row-column-wrap{align-content:center;}:where(.kb-row-layout-id889_9ec146-4a > .kt-row-column-wrap) > .wp-block-kadence-column{justify-content:center;}.kb-row-layout-id889_9ec146-4a > .kt-row-column-wrap{column-gap:var(--global-kb-gap-lg, 4rem);row-gap:var(--global-kb-gap-md, 2rem);padding-top:var(--global-kb-spacing-xl, 4rem);padding-right:var(--global-kb-spacing-lg, 3rem);padding-left:var(--global-kb-spacing-lg, 3rem);grid-template-columns:repeat(2, minmax(0, 1fr));}.kb-row-layout-id889_9ec146-4a > .kt-row-layout-overlay{opacity:0.30;}@media all and (max-width: 1024px){.kb-row-layout-id889_9ec146-4a > .kt-row-column-wrap{padding-right:0px;padding-left:0px;grid-template-columns:minmax(0, 1fr);}}@media all and (max-width: 767px){.kb-row-layout-id889_9ec146-4a > .kt-row-column-wrap{padding-top:var(--global-kb-spacing-xs, 1rem);grid-template-columns:minmax(0, 1fr);}}<\/style><div class=\"kb-row-layout-wrap kb-row-layout-id889_9ec146-4a alignfull has-theme-palette9-background-color kt-row-has-bg wp-block-kadence-rowlayout\"><div class=\"kt-row-column-wrap kt-has-2-columns kt-row-layout-equal kt-tab-layout-row kt-mobile-layout-row kt-row-valign-middle\">\n<style>.kadence-column889_d5f820-e7 > .kt-inside-inner-col,.kadence-column889_d5f820-e7 > .kt-inside-inner-col:before{border-top-left-radius:0px;border-top-right-radius:0px;border-bottom-right-radius:0px;border-bottom-left-radius:0px;}.kadence-column889_d5f820-e7 > .kt-inside-inner-col{column-gap:var(--global-kb-gap-sm, 1rem);}.kadence-column889_d5f820-e7 > .kt-inside-inner-col{flex-direction:column;}.kadence-column889_d5f820-e7 > .kt-inside-inner-col > .aligncenter{width:100%;}.kadence-column889_d5f820-e7 > .kt-inside-inner-col:before{opacity:0.3;}.kadence-column889_d5f820-e7{position:relative;}@media all and (max-width: 1024px){.kadence-column889_d5f820-e7 > .kt-inside-inner-col{flex-direction:column;}}@media all and (max-width: 767px){.kadence-column889_d5f820-e7 > .kt-inside-inner-col{flex-direction:column;}}<\/style>\n<div class=\"wp-block-kadence-column kadence-column889_d5f820-e7\"><div class=\"kt-inside-inner-col\"><style>.kb-gallery-id-889_6d612e-bf .kadence-blocks-gallery-item .kb-gal-image-radius{border-radius:0px 0px 0px 0px;}@media all and (max-width: 767px){.wp-block-kadence-advancedgallery.kb-gallery-wrap-id-889_6d612e-bf{padding-right:var(--global-kb-spacing-xs, 1rem);padding-left:var(--global-kb-spacing-xs, 1rem);}}<\/style><div class=\"kb-gallery-wrap-id-889_6d612e-bf alignnone wp-block-kadence-advancedgallery\"><div class=\"kb-gallery-ul kb-gallery-non-static kb-gallery-type-slider kb-gallery-id-889_6d612e-bf kb-gallery-caption-style-bottom-hover kb-gallery-filter-none\" data-image-filter=\"none\" data-lightbox-caption=\"true\"><div class=\"kt-blocks-carousel kt-carousel-container-dotstyle-dark\"><div class=\"kt-blocks-carousel-init kb-blocks-slider kt-carousel-arrowstyle-none kt-carousel-dotstyle-dark\" data-slider-anim-speed=\"400\" data-slider-scroll=\"1\" data-slider-arrows=\"false\" data-slider-fade=\"true\" data-slider-dots=\"true\"data-slider-type=\"slider\"  data-slider-hover-pause=\"false\" data-slider-auto=\"1\" data-slider-speed=\"7000\"><div class=\"kb-slide-item kb-gallery-slide-item\"><div class=\"kadence-blocks-gallery-item\"><div class=\"kadence-blocks-gallery-item-inner\"><figure class=\"kb-gallery-figure kadence-blocks-gallery-item-hide-caption\" \"><div class=\"kb-gal-image-radius\"><div class=\"kb-gallery-image-contain kadence-blocks-gallery-intrinsic kb-gallery-image-ratio-square kb-has-image-ratio-square\" ><img loading=\"lazy\" decoding=\"async\" src=\"http:\/\/esimerkki.latodesign.fi\/wordpress\/wp-content\/uploads\/2024\/04\/SoukkaSauna_gcdHrez.jpg\" width=\"738\" height=\"984\" alt=\"\" data-full-image=\"http:\/\/esimerkki.latodesign.fi\/wordpress\/wp-content\/uploads\/2024\/04\/SoukkaSauna_gcdHrez.jpg\" data-light-image=\"http:\/\/esimerkki.latodesign.fi\/wordpress\/wp-content\/uploads\/2024\/04\/SoukkaSauna_gcdHrez.jpg\" data-id=\"793\" class=\"wp-image-793 skip-lazy\" srcset=\"http:\/\/esimerkki.latodesign.fi\/wordpress\/wp-content\/uploads\/2024\/04\/SoukkaSauna_gcdHrez.jpg 738w, http:\/\/esimerkki.latodesign.fi\/wordpress\/wp-content\/uploads\/2024\/04\/SoukkaSauna_gcdHrez-225x300.jpg 225w\" sizes=\"auto, (max-width: 738px) 100vw, 738px\" \/><\/div><\/div><\/figure><\/div><\/div><\/div><\/div><\/div><\/div><\/div><\/div><\/div>\n\n\n<style>.kadence-column889_fec231-b2 > .kt-inside-inner-col{display:flex;}.kadence-column889_fec231-b2 > .kt-inside-inner-col{padding-right:var(--global-kb-spacing-3xl, 6.5rem);padding-left:0px;}.kadence-column889_fec231-b2 > .kt-inside-inner-col,.kadence-column889_fec231-b2 > .kt-inside-inner-col:before{border-top-left-radius:0px;border-top-right-radius:0px;border-bottom-right-radius:0px;border-bottom-left-radius:0px;}.kadence-column889_fec231-b2 > .kt-inside-inner-col{row-gap:var(--global-kb-gap-sm, 1rem);column-gap:var(--global-kb-gap-sm, 1rem);}.kadence-column889_fec231-b2 > .kt-inside-inner-col{flex-direction:column;}.kadence-column889_fec231-b2 > .kt-inside-inner-col > .aligncenter{width:100%;}.kadence-column889_fec231-b2 > .kt-inside-inner-col:before{opacity:0.3;}.kadence-column889_fec231-b2{position:relative;}@media all and (max-width: 1024px){.kadence-column889_fec231-b2 > .kt-inside-inner-col{padding-top:0px;padding-bottom:var(--global-kb-spacing-lg, 3rem);flex-direction:row;flex-wrap:wrap;justify-content:center;}}@media all and (min-width: 768px) and (max-width: 1024px){.kadence-column889_fec231-b2 > .kt-inside-inner-col > *, .kadence-column889_fec231-b2 > .kt-inside-inner-col > figure.wp-block-image, .kadence-column889_fec231-b2 > .kt-inside-inner-col > figure.wp-block-kadence-image{margin-top:0px;margin-bottom:0px;}.kadence-column889_fec231-b2 > .kt-inside-inner-col > .kb-image-is-ratio-size{flex-grow:1;}}@media all and (max-width: 767px){.kadence-column889_fec231-b2 > .kt-inside-inner-col{padding-right:var(--global-kb-spacing-sm, 1.5rem);padding-left:var(--global-kb-spacing-sm, 1.5rem);flex-direction:row;flex-wrap:wrap;justify-content:center;}.kadence-column889_fec231-b2 > .kt-inside-inner-col > *, .kadence-column889_fec231-b2 > .kt-inside-inner-col > figure.wp-block-image, .kadence-column889_fec231-b2 > .kt-inside-inner-col > figure.wp-block-kadence-image{margin-top:0px;margin-bottom:0px;}.kadence-column889_fec231-b2 > .kt-inside-inner-col > .kb-image-is-ratio-size{flex-grow:1;}}<\/style>\n<div class=\"wp-block-kadence-column kadence-column889_fec231-b2 kb-section-dir-vertical kb-section-md-dir-horizontal\"><div class=\"kt-inside-inner-col\"><style>.wp-block-kadence-advancedheading.kt-adv-heading889_931108-f0, .wp-block-kadence-advancedheading.kt-adv-heading889_931108-f0[data-kb-block=\"kb-adv-heading889_931108-f0\"]{padding-top:0px;margin-top:var(--global-kb-spacing-sm, 1.5rem);text-align:left;font-size:var(--global-kb-font-size-xl, 3rem);line-height:1.2;font-style:normal;}.wp-block-kadence-advancedheading.kt-adv-heading889_931108-f0 mark, .wp-block-kadence-advancedheading.kt-adv-heading889_931108-f0[data-kb-block=\"kb-adv-heading889_931108-f0\"] mark{font-style:normal;color:#f76a0c;padding-top:0px;padding-right:0px;padding-bottom:0px;padding-left:0px;}<\/style>\n<h2 class=\"kt-adv-heading889_931108-f0 wp-block-kadence-advancedheading has-theme-palette-1-color has-text-color\" data-kb-block=\"kb-adv-heading889_931108-f0\">Kerrostalo remontti<\/h2>\n\n\n<style>.wp-block-kadence-advancedheading.kt-adv-heading889_ced003-eb, .wp-block-kadence-advancedheading.kt-adv-heading889_ced003-eb[data-kb-block=\"kb-adv-heading889_ced003-eb\"]{display:block;padding-bottom:0px;margin-bottom:0px;text-align:left;font-style:normal;text-transform:uppercase;}.wp-block-kadence-advancedheading.kt-adv-heading889_ced003-eb mark, .wp-block-kadence-advancedheading.kt-adv-heading889_ced003-eb[data-kb-block=\"kb-adv-heading889_ced003-eb\"] mark{font-style:normal;color:#f76a0c;padding-top:0px;padding-right:0px;padding-bottom:0px;padding-left:0px;}<\/style>\n<span class=\"kt-adv-heading889_ced003-eb wp-block-kadence-advancedheading has-theme-palette-3-color has-text-color\" data-kb-block=\"kb-adv-heading889_ced003-eb\">Kohde: Sauna- ja kylpyhuoneremontti, Espoo v.2023<\/span>\n\n\n<style>.wp-block-kadence-advancedheading.kt-adv-heading889_140751-5d, .wp-block-kadence-advancedheading.kt-adv-heading889_140751-5d[data-kb-block=\"kb-adv-heading889_140751-5d\"]{text-align:left;font-style:normal;}.wp-block-kadence-advancedheading.kt-adv-heading889_140751-5d mark, .wp-block-kadence-advancedheading.kt-adv-heading889_140751-5d[data-kb-block=\"kb-adv-heading889_140751-5d\"] mark{font-style:normal;color:#f76a0c;padding-top:0px;padding-right:0px;padding-bottom:0px;padding-left:0px;}<\/style>\n<p class=\"kt-adv-heading889_140751-5d wp-block-kadence-advancedheading has-theme-palette-3-color has-text-color\" data-kb-block=\"kb-adv-heading889_140751-5d\">Sauna- ja kylpyhuoneremontissa teimme merkitt\u00e4vi\u00e4 parannuksia asukkaiden viihtyvyyden kannalta. P\u00e4ivitimme mm. saunan paneloinnin, lauteet, kiukaan ja valaistuksen. Kylpyhuoneen puolella uusimme katon paneloinnin, valaistuksen ja kalusteet.<br><br>Asiakkaamme l\u00e4hestyi meit\u00e4 toiveenaan saada p\u00e4ivityst\u00e4 kylpyhuoneeseen ja saunaan, joten alansa ammattilaiset tarttuivat haasteeseen ja toteuttivat asiakkaan toiveet.<br><br><\/p>\n<\/div><\/div>\n\n<\/div><\/div>","protected":false},"excerpt":{"rendered":"<p>Kerrostalo remontti Kohde: Sauna- ja kylpyhuoneremontti, Espoo v.2023 Sauna- ja kylpyhuoneremontissa teimme merkitt\u00e4vi\u00e4 parannuksia asukkaiden viihtyvyyden kannalta. P\u00e4ivitimme mm. saunan paneloinnin, lauteet, kiukaan ja valaistuksen. Kylpyhuoneen puolella uusimme katon paneloinnin, valaistuksen ja kalusteet. Asiakkaamme l\u00e4hestyi meit\u00e4 toiveenaan saada p\u00e4ivityst\u00e4 kylpyhuoneeseen ja saunaan, joten alansa ammattilaiset tarttuivat haasteeseen ja toteuttivat asiakkaan toiveet.<\/p>\n","protected":false},"author":1,"featured_media":0,"parent":0,"menu_order":0,"comment_status":"closed","ping_status":"closed","template":"","meta":{"_kadence_starter_templates_imported_post":false,"_kad_post_transparent":"disable","_kad_post_title":"hide","_kad_post_layout":"","_kad_post_sidebar_id":"","_kad_post_content_style":"","_kad_post_vertical_padding":"","_kad_post_feature":"","_kad_post_feature_position":"","_kad_post_header":false,"_kad_post_footer":false,"footnotes":""},"class_list":["post-889","page","type-page","status-publish","hentry"],"_links":{"self":[{"href":"http:\/\/esimerkki.latodesign.fi\/wordpress\/wp-json\/wp\/v2\/pages\/889","targetHints":{"allow":["GET"]}}],"collection":[{"href":"http:\/\/esimerkki.latodesign.fi\/wordpress\/wp-json\/wp\/v2\/pages"}],"about":[{"href":"http:\/\/esimerkki.latodesign.fi\/wordpress\/wp-json\/wp\/v2\/types\/page"}],"author":[{"embeddable":true,"href":"http:\/\/esimerkki.latodesign.fi\/wordpress\/wp-json\/wp\/v2\/users\/1"}],"replies":[{"embeddable":true,"href":"http:\/\/esimerkki.latodesign.fi\/wordpress\/wp-json\/wp\/v2\/comments?post=889"}],"version-history":[{"count":2,"href":"http:\/\/esimerkki.latodesign.fi\/wordpress\/wp-json\/wp\/v2\/pages\/889\/revisions"}],"predecessor-version":[{"id":1090,"href":"http:\/\/esimerkki.latodesign.fi\/wordpress\/wp-json\/wp\/v2\/pages\/889\/revisions\/1090"}],"wp:attachment":[{"href":"http:\/\/esimerkki.latodesign.fi\/wordpress\/wp-json\/wp\/v2\/media?parent=889"}],"curies":[{"name":"wp","href":"https:\/\/api.w.org\/{rel}","templated":true}]}}