{"id":881,"date":"2024-04-12T10:29:53","date_gmt":"2024-04-12T10:29:53","guid":{"rendered":"http:\/\/esimerkki.latodesign.fi\/wordpress\/?page_id=881"},"modified":"2024-04-15T00:13:04","modified_gmt":"2024-04-15T00:13:04","slug":"omakotitaloremontti","status":"publish","type":"page","link":"http:\/\/esimerkki.latodesign.fi\/wordpress\/omakotitaloremontti\/","title":{"rendered":"omakotitaloremontti"},"content":{"rendered":"<style>.kb-row-layout-wrap.wp-block-kadence-rowlayout.kb-row-layout-id881_c27f37-fc{margin-top:0px;margin-bottom:0px;}.kb-row-layout-id881_c27f37-fc > .kt-row-column-wrap{align-content:center;}:where(.kb-row-layout-id881_c27f37-fc > .kt-row-column-wrap) > .wp-block-kadence-column{justify-content:center;}.kb-row-layout-id881_c27f37-fc > .kt-row-column-wrap{column-gap:var(--global-kb-gap-lg, 4rem);row-gap:var(--global-kb-gap-md, 2rem);padding-top:var(--global-kb-spacing-xl, 4rem);padding-right:var(--global-kb-spacing-lg, 3rem);padding-left:var(--global-kb-spacing-lg, 3rem);grid-template-columns:repeat(2, minmax(0, 1fr));}.kb-row-layout-id881_c27f37-fc > .kt-row-layout-overlay{opacity:0.30;}@media all and (max-width: 1024px){.kb-row-layout-id881_c27f37-fc > .kt-row-column-wrap{padding-right:0px;padding-left:0px;grid-template-columns:minmax(0, 1fr);}}@media all and (max-width: 767px){.kb-row-layout-id881_c27f37-fc > .kt-row-column-wrap{padding-top:var(--global-kb-spacing-xs, 1rem);grid-template-columns:minmax(0, 1fr);}}<\/style><div class=\"kb-row-layout-wrap kb-row-layout-id881_c27f37-fc alignfull has-theme-palette9-background-color kt-row-has-bg wp-block-kadence-rowlayout\"><div class=\"kt-row-column-wrap kt-has-2-columns kt-row-layout-equal kt-tab-layout-row kt-mobile-layout-row kt-row-valign-middle\">\n<style>.kadence-column881_7716a8-6d > .kt-inside-inner-col,.kadence-column881_7716a8-6d > .kt-inside-inner-col:before{border-top-left-radius:0px;border-top-right-radius:0px;border-bottom-right-radius:0px;border-bottom-left-radius:0px;}.kadence-column881_7716a8-6d > .kt-inside-inner-col{column-gap:var(--global-kb-gap-sm, 1rem);}.kadence-column881_7716a8-6d > .kt-inside-inner-col{flex-direction:column;}.kadence-column881_7716a8-6d > .kt-inside-inner-col > .aligncenter{width:100%;}.kadence-column881_7716a8-6d > .kt-inside-inner-col:before{opacity:0.3;}.kadence-column881_7716a8-6d{position:relative;}@media all and (max-width: 1024px){.kadence-column881_7716a8-6d > .kt-inside-inner-col{flex-direction:column;}}@media all and (max-width: 767px){.kadence-column881_7716a8-6d > .kt-inside-inner-col{flex-direction:column;}}<\/style>\n<div class=\"wp-block-kadence-column kadence-column881_7716a8-6d\"><div class=\"kt-inside-inner-col\"><style>.kb-gallery-id-881_761027-62 .kadence-blocks-gallery-item .kb-gal-image-radius{border-radius:0px 0px 0px 0px;}@media all and (max-width: 767px){.wp-block-kadence-advancedgallery.kb-gallery-wrap-id-881_761027-62{padding-right:var(--global-kb-spacing-xs, 1rem);padding-left:var(--global-kb-spacing-xs, 1rem);}}<\/style><div class=\"kb-gallery-wrap-id-881_761027-62 alignnone wp-block-kadence-advancedgallery\"><div class=\"kb-gallery-ul kb-gallery-non-static kb-gallery-type-slider kb-gallery-id-881_761027-62 kb-gallery-caption-style-bottom-hover kb-gallery-filter-none\" data-image-filter=\"none\" data-lightbox-caption=\"true\"><div class=\"kt-blocks-carousel kt-carousel-container-dotstyle-dark\"><div class=\"kt-blocks-carousel-init kb-blocks-slider kt-carousel-arrowstyle-none kt-carousel-dotstyle-dark\" data-slider-anim-speed=\"400\" data-slider-scroll=\"1\" data-slider-arrows=\"false\" data-slider-fade=\"true\" data-slider-dots=\"true\"data-slider-type=\"slider\"  data-slider-hover-pause=\"false\" data-slider-auto=\"1\" data-slider-speed=\"7000\"><div class=\"kb-slide-item kb-gallery-slide-item\"><div class=\"kadence-blocks-gallery-item\"><div class=\"kadence-blocks-gallery-item-inner\"><figure class=\"kb-gallery-figure kadence-blocks-gallery-item-hide-caption\" \"><div class=\"kb-gal-image-radius\"><div class=\"kb-gallery-image-contain kadence-blocks-gallery-intrinsic kb-gallery-image-ratio-square kb-has-image-ratio-square\" ><img loading=\"lazy\" decoding=\"async\" src=\"http:\/\/esimerkki.latodesign.fi\/wordpress\/wp-content\/uploads\/2024\/04\/Emannantie1-768x1024.jpg\" width=\"768\" height=\"1024\" alt=\"\" data-full-image=\"http:\/\/esimerkki.latodesign.fi\/wordpress\/wp-content\/uploads\/2024\/04\/Emannantie1.jpg\" data-light-image=\"http:\/\/esimerkki.latodesign.fi\/wordpress\/wp-content\/uploads\/2024\/04\/Emannantie1.jpg\" data-id=\"887\" class=\"wp-image-887 skip-lazy\" srcset=\"http:\/\/esimerkki.latodesign.fi\/wordpress\/wp-content\/uploads\/2024\/04\/Emannantie1-768x1024.jpg 768w, http:\/\/esimerkki.latodesign.fi\/wordpress\/wp-content\/uploads\/2024\/04\/Emannantie1-225x300.jpg 225w, http:\/\/esimerkki.latodesign.fi\/wordpress\/wp-content\/uploads\/2024\/04\/Emannantie1-1152x1536.jpg 1152w, http:\/\/esimerkki.latodesign.fi\/wordpress\/wp-content\/uploads\/2024\/04\/Emannantie1.jpg 1500w\" sizes=\"auto, (max-width: 768px) 100vw, 768px\" \/><\/div><\/div><\/figure><\/div><\/div><\/div><div class=\"kb-slide-item kb-gallery-slide-item\"><div class=\"kadence-blocks-gallery-item\"><div class=\"kadence-blocks-gallery-item-inner\"><figure class=\"kb-gallery-figure kadence-blocks-gallery-item-hide-caption\" \"><div class=\"kb-gal-image-radius\"><div class=\"kb-gallery-image-contain kadence-blocks-gallery-intrinsic kb-gallery-image-ratio-square kb-has-image-ratio-square\" ><img loading=\"lazy\" decoding=\"async\" src=\"http:\/\/esimerkki.latodesign.fi\/wordpress\/wp-content\/uploads\/2024\/04\/Emannantie2-768x1024.jpg\" width=\"768\" height=\"1024\" alt=\"\" data-full-image=\"http:\/\/esimerkki.latodesign.fi\/wordpress\/wp-content\/uploads\/2024\/04\/Emannantie2.jpg\" data-light-image=\"http:\/\/esimerkki.latodesign.fi\/wordpress\/wp-content\/uploads\/2024\/04\/Emannantie2.jpg\" data-id=\"886\" class=\"wp-image-886 skip-lazy\" srcset=\"http:\/\/esimerkki.latodesign.fi\/wordpress\/wp-content\/uploads\/2024\/04\/Emannantie2-768x1024.jpg 768w, http:\/\/esimerkki.latodesign.fi\/wordpress\/wp-content\/uploads\/2024\/04\/Emannantie2-225x300.jpg 225w, http:\/\/esimerkki.latodesign.fi\/wordpress\/wp-content\/uploads\/2024\/04\/Emannantie2-1152x1536.jpg 1152w, http:\/\/esimerkki.latodesign.fi\/wordpress\/wp-content\/uploads\/2024\/04\/Emannantie2.jpg 1500w\" sizes=\"auto, (max-width: 768px) 100vw, 768px\" \/><\/div><\/div><\/figure><\/div><\/div><\/div><div class=\"kb-slide-item kb-gallery-slide-item\"><div class=\"kadence-blocks-gallery-item\"><div class=\"kadence-blocks-gallery-item-inner\"><figure class=\"kb-gallery-figure kadence-blocks-gallery-item-hide-caption\" \"><div class=\"kb-gal-image-radius\"><div class=\"kb-gallery-image-contain kadence-blocks-gallery-intrinsic kb-gallery-image-ratio-square kb-has-image-ratio-square\" ><img loading=\"lazy\" decoding=\"async\" src=\"http:\/\/esimerkki.latodesign.fi\/wordpress\/wp-content\/uploads\/2024\/04\/Emannantie3-768x1024.jpg\" width=\"768\" height=\"1024\" alt=\"\" data-full-image=\"http:\/\/esimerkki.latodesign.fi\/wordpress\/wp-content\/uploads\/2024\/04\/Emannantie3.jpg\" data-light-image=\"http:\/\/esimerkki.latodesign.fi\/wordpress\/wp-content\/uploads\/2024\/04\/Emannantie3.jpg\" data-id=\"885\" class=\"wp-image-885 skip-lazy\" srcset=\"http:\/\/esimerkki.latodesign.fi\/wordpress\/wp-content\/uploads\/2024\/04\/Emannantie3-768x1024.jpg 768w, http:\/\/esimerkki.latodesign.fi\/wordpress\/wp-content\/uploads\/2024\/04\/Emannantie3-225x300.jpg 225w, http:\/\/esimerkki.latodesign.fi\/wordpress\/wp-content\/uploads\/2024\/04\/Emannantie3-1152x1536.jpg 1152w, http:\/\/esimerkki.latodesign.fi\/wordpress\/wp-content\/uploads\/2024\/04\/Emannantie3.jpg 1500w\" sizes=\"auto, (max-width: 768px) 100vw, 768px\" \/><\/div><\/div><\/figure><\/div><\/div><\/div><div class=\"kb-slide-item kb-gallery-slide-item\"><div class=\"kadence-blocks-gallery-item\"><div class=\"kadence-blocks-gallery-item-inner\"><figure class=\"kb-gallery-figure kadence-blocks-gallery-item-hide-caption\" \"><div class=\"kb-gal-image-radius\"><div class=\"kb-gallery-image-contain kadence-blocks-gallery-intrinsic kb-gallery-image-ratio-square kb-has-image-ratio-square\" ><img loading=\"lazy\" decoding=\"async\" src=\"http:\/\/esimerkki.latodesign.fi\/wordpress\/wp-content\/uploads\/2024\/04\/Emannantie4-768x1024.jpg\" width=\"768\" height=\"1024\" alt=\"\" data-full-image=\"http:\/\/esimerkki.latodesign.fi\/wordpress\/wp-content\/uploads\/2024\/04\/Emannantie4.jpg\" data-light-image=\"http:\/\/esimerkki.latodesign.fi\/wordpress\/wp-content\/uploads\/2024\/04\/Emannantie4.jpg\" data-id=\"884\" class=\"wp-image-884 skip-lazy\" srcset=\"http:\/\/esimerkki.latodesign.fi\/wordpress\/wp-content\/uploads\/2024\/04\/Emannantie4-768x1024.jpg 768w, http:\/\/esimerkki.latodesign.fi\/wordpress\/wp-content\/uploads\/2024\/04\/Emannantie4-225x300.jpg 225w, http:\/\/esimerkki.latodesign.fi\/wordpress\/wp-content\/uploads\/2024\/04\/Emannantie4-1152x1536.jpg 1152w, http:\/\/esimerkki.latodesign.fi\/wordpress\/wp-content\/uploads\/2024\/04\/Emannantie4.jpg 1500w\" sizes=\"auto, (max-width: 768px) 100vw, 768px\" \/><\/div><\/div><\/figure><\/div><\/div><\/div><div class=\"kb-slide-item kb-gallery-slide-item\"><div class=\"kadence-blocks-gallery-item\"><div class=\"kadence-blocks-gallery-item-inner\"><figure class=\"kb-gallery-figure kadence-blocks-gallery-item-hide-caption\" \"><div class=\"kb-gal-image-radius\"><div class=\"kb-gallery-image-contain kadence-blocks-gallery-intrinsic kb-gallery-image-ratio-square kb-has-image-ratio-square\" ><img loading=\"lazy\" decoding=\"async\" src=\"http:\/\/esimerkki.latodesign.fi\/wordpress\/wp-content\/uploads\/2024\/04\/Emannantie5-768x1024.jpg\" width=\"768\" height=\"1024\" alt=\"\" data-full-image=\"http:\/\/esimerkki.latodesign.fi\/wordpress\/wp-content\/uploads\/2024\/04\/Emannantie5.jpg\" data-light-image=\"http:\/\/esimerkki.latodesign.fi\/wordpress\/wp-content\/uploads\/2024\/04\/Emannantie5.jpg\" data-id=\"883\" class=\"wp-image-883 skip-lazy\" srcset=\"http:\/\/esimerkki.latodesign.fi\/wordpress\/wp-content\/uploads\/2024\/04\/Emannantie5-768x1024.jpg 768w, http:\/\/esimerkki.latodesign.fi\/wordpress\/wp-content\/uploads\/2024\/04\/Emannantie5-225x300.jpg 225w, http:\/\/esimerkki.latodesign.fi\/wordpress\/wp-content\/uploads\/2024\/04\/Emannantie5-1152x1536.jpg 1152w, http:\/\/esimerkki.latodesign.fi\/wordpress\/wp-content\/uploads\/2024\/04\/Emannantie5.jpg 1500w\" sizes=\"auto, (max-width: 768px) 100vw, 768px\" \/><\/div><\/div><\/figure><\/div><\/div><\/div><div class=\"kb-slide-item kb-gallery-slide-item\"><div class=\"kadence-blocks-gallery-item\"><div class=\"kadence-blocks-gallery-item-inner\"><figure class=\"kb-gallery-figure kadence-blocks-gallery-item-hide-caption\" \"><div class=\"kb-gal-image-radius\"><div class=\"kb-gallery-image-contain kadence-blocks-gallery-intrinsic kb-gallery-image-ratio-square kb-has-image-ratio-square\" ><img loading=\"lazy\" decoding=\"async\" src=\"http:\/\/esimerkki.latodesign.fi\/wordpress\/wp-content\/uploads\/2024\/04\/Emannantie6-768x1024.jpg\" width=\"768\" height=\"1024\" alt=\"\" data-full-image=\"http:\/\/esimerkki.latodesign.fi\/wordpress\/wp-content\/uploads\/2024\/04\/Emannantie6.jpg\" data-light-image=\"http:\/\/esimerkki.latodesign.fi\/wordpress\/wp-content\/uploads\/2024\/04\/Emannantie6.jpg\" data-id=\"882\" class=\"wp-image-882 skip-lazy\" srcset=\"http:\/\/esimerkki.latodesign.fi\/wordpress\/wp-content\/uploads\/2024\/04\/Emannantie6-768x1024.jpg 768w, http:\/\/esimerkki.latodesign.fi\/wordpress\/wp-content\/uploads\/2024\/04\/Emannantie6-225x300.jpg 225w, http:\/\/esimerkki.latodesign.fi\/wordpress\/wp-content\/uploads\/2024\/04\/Emannantie6-1152x1536.jpg 1152w, http:\/\/esimerkki.latodesign.fi\/wordpress\/wp-content\/uploads\/2024\/04\/Emannantie6.jpg 1500w\" sizes=\"auto, (max-width: 768px) 100vw, 768px\" \/><\/div><\/div><\/figure><\/div><\/div><\/div><\/div><\/div><\/div><\/div><\/div><\/div>\n\n\n<style>.kadence-column881_7bed20-1e > .kt-inside-inner-col{display:flex;}.kadence-column881_7bed20-1e > .kt-inside-inner-col{padding-right:var(--global-kb-spacing-3xl, 6.5rem);padding-left:0px;}.kadence-column881_7bed20-1e > .kt-inside-inner-col,.kadence-column881_7bed20-1e > .kt-inside-inner-col:before{border-top-left-radius:0px;border-top-right-radius:0px;border-bottom-right-radius:0px;border-bottom-left-radius:0px;}.kadence-column881_7bed20-1e > .kt-inside-inner-col{row-gap:var(--global-kb-gap-sm, 1rem);column-gap:var(--global-kb-gap-sm, 1rem);}.kadence-column881_7bed20-1e > .kt-inside-inner-col{flex-direction:column;}.kadence-column881_7bed20-1e > .kt-inside-inner-col > .aligncenter{width:100%;}.kadence-column881_7bed20-1e > .kt-inside-inner-col:before{opacity:0.3;}.kadence-column881_7bed20-1e{position:relative;}@media all and (max-width: 1024px){.kadence-column881_7bed20-1e > .kt-inside-inner-col{padding-top:0px;padding-bottom:var(--global-kb-spacing-lg, 3rem);flex-direction:row;flex-wrap:wrap;justify-content:center;}}@media all and (min-width: 768px) and (max-width: 1024px){.kadence-column881_7bed20-1e > .kt-inside-inner-col > *, .kadence-column881_7bed20-1e > .kt-inside-inner-col > figure.wp-block-image, .kadence-column881_7bed20-1e > .kt-inside-inner-col > figure.wp-block-kadence-image{margin-top:0px;margin-bottom:0px;}.kadence-column881_7bed20-1e > .kt-inside-inner-col > .kb-image-is-ratio-size{flex-grow:1;}}@media all and (max-width: 767px){.kadence-column881_7bed20-1e > .kt-inside-inner-col{padding-right:var(--global-kb-spacing-sm, 1.5rem);padding-left:var(--global-kb-spacing-sm, 1.5rem);flex-direction:row;flex-wrap:wrap;justify-content:center;}.kadence-column881_7bed20-1e > .kt-inside-inner-col > *, .kadence-column881_7bed20-1e > .kt-inside-inner-col > figure.wp-block-image, .kadence-column881_7bed20-1e > .kt-inside-inner-col > figure.wp-block-kadence-image{margin-top:0px;margin-bottom:0px;}.kadence-column881_7bed20-1e > .kt-inside-inner-col > .kb-image-is-ratio-size{flex-grow:1;}}<\/style>\n<div class=\"wp-block-kadence-column kadence-column881_7bed20-1e kb-section-dir-vertical kb-section-md-dir-horizontal\"><div class=\"kt-inside-inner-col\"><style>.wp-block-kadence-advancedheading.kt-adv-heading881_e9bebe-5a, .wp-block-kadence-advancedheading.kt-adv-heading881_e9bebe-5a[data-kb-block=\"kb-adv-heading881_e9bebe-5a\"]{padding-top:0px;margin-top:var(--global-kb-spacing-sm, 1.5rem);text-align:left;font-size:var(--global-kb-font-size-xl, 3rem);line-height:1.2;font-style:normal;}.wp-block-kadence-advancedheading.kt-adv-heading881_e9bebe-5a mark, .wp-block-kadence-advancedheading.kt-adv-heading881_e9bebe-5a[data-kb-block=\"kb-adv-heading881_e9bebe-5a\"] mark{font-style:normal;color:#f76a0c;padding-top:0px;padding-right:0px;padding-bottom:0px;padding-left:0px;}<\/style>\n<h2 class=\"kt-adv-heading881_e9bebe-5a wp-block-kadence-advancedheading has-theme-palette-1-color has-text-color\" data-kb-block=\"kb-adv-heading881_e9bebe-5a\">Omakotitalo\/ Remontti<\/h2>\n\n\n<style>.wp-block-kadence-advancedheading.kt-adv-heading881_3d6de4-3c, .wp-block-kadence-advancedheading.kt-adv-heading881_3d6de4-3c[data-kb-block=\"kb-adv-heading881_3d6de4-3c\"]{display:block;padding-bottom:0px;margin-bottom:0px;text-align:left;font-style:normal;text-transform:uppercase;}.wp-block-kadence-advancedheading.kt-adv-heading881_3d6de4-3c mark, .wp-block-kadence-advancedheading.kt-adv-heading881_3d6de4-3c[data-kb-block=\"kb-adv-heading881_3d6de4-3c\"] mark{font-style:normal;color:#f76a0c;padding-top:0px;padding-right:0px;padding-bottom:0px;padding-left:0px;}<\/style>\n<span class=\"kt-adv-heading881_3d6de4-3c wp-block-kadence-advancedheading has-theme-palette-3-color has-text-color\" data-kb-block=\"kb-adv-heading881_3d6de4-3c\">Kohde: Omakotitalo\/ Remontti v.2023<\/span>\n\n\n<style>.wp-block-kadence-advancedheading.kt-adv-heading881_2d1099-ab, .wp-block-kadence-advancedheading.kt-adv-heading881_2d1099-ab[data-kb-block=\"kb-adv-heading881_2d1099-ab\"]{text-align:left;font-style:normal;}.wp-block-kadence-advancedheading.kt-adv-heading881_2d1099-ab mark, .wp-block-kadence-advancedheading.kt-adv-heading881_2d1099-ab[data-kb-block=\"kb-adv-heading881_2d1099-ab\"] mark{font-style:normal;color:#f76a0c;padding-top:0px;padding-right:0px;padding-bottom:0px;padding-left:0px;}<\/style>\n<p class=\"kt-adv-heading881_2d1099-ab wp-block-kadence-advancedheading has-theme-palette-3-color has-text-color\" data-kb-block=\"kb-adv-heading881_2d1099-ab\">Tarvitsetko ammattitaitoista urakoitsijaa? Olemme erikoistuneet tarjoamaan erilaisia remonttipalveluita, sis\u00e4lt\u00e4en purku- ja rakentamispalvelut. S\u00e4hk\u00f6keskuksen takana oleva v\u00e4lisein\u00e4 purettiin, vaihdettiin villat, ja uusittiin kipsilevyt. Kohteessa poistimme my\u00f6s jyrsij\u00f6iden j\u00e4ljilt\u00e4 vaurioituneet rakenteet, jotka korvasimme uusilla vastaavilla pintamateriaaleilla. Yl\u00e4pohjan eristeet tyhjennettiin kokonaisuudessaan ja puhalsimme uuden eko- \/ puhallusvillan, jolla saavutetaan merkitt\u00e4v\u00e4 parannus rakennuksen energiatehokkuudessa. Asensimme my\u00f6s jyrsij\u00e4verkot talon ymp\u00e4rille, suojataksemme rakenteita ja asukkaita, koska niit\u00e4 ei aiemmin ollut.<br><br>Ammattitaitoisten urakoitsijoidemme kanssa, voit luottaa siihen, ett\u00e4 asiat hoidetaan kerralla kunnolla, ja asianmukaisesti ja turvallisesti. K\u00e4yt\u00e4mme ainoastaan asianmukaisia ty\u00f6v\u00e4lineit\u00e4 ja menetelmi\u00e4.<br><\/p>\n<\/div><\/div>\n\n<\/div><\/div>","protected":false},"excerpt":{"rendered":"<p>Omakotitalo\/ Remontti Kohde: Omakotitalo\/ Remontti v.2023 Tarvitsetko ammattitaitoista urakoitsijaa? Olemme erikoistuneet tarjoamaan erilaisia remonttipalveluita, sis\u00e4lt\u00e4en purku- ja rakentamispalvelut. S\u00e4hk\u00f6keskuksen takana oleva v\u00e4lisein\u00e4 purettiin, vaihdettiin villat, ja uusittiin kipsilevyt. Kohteessa poistimme my\u00f6s jyrsij\u00f6iden j\u00e4ljilt\u00e4 vaurioituneet rakenteet, jotka korvasimme uusilla vastaavilla pintamateriaaleilla. Yl\u00e4pohjan eristeet tyhjennettiin kokonaisuudessaan ja puhalsimme uuden eko- \/ puhallusvillan, jolla saavutetaan merkitt\u00e4v\u00e4 parannus rakennuksen&#8230;<\/p>\n","protected":false},"author":1,"featured_media":0,"parent":0,"menu_order":0,"comment_status":"closed","ping_status":"closed","template":"","meta":{"_kadence_starter_templates_imported_post":false,"_kad_post_transparent":"disable","_kad_post_title":"hide","_kad_post_layout":"","_kad_post_sidebar_id":"","_kad_post_content_style":"","_kad_post_vertical_padding":"","_kad_post_feature":"","_kad_post_feature_position":"","_kad_post_header":false,"_kad_post_footer":false,"footnotes":""},"class_list":["post-881","page","type-page","status-publish","hentry"],"_links":{"self":[{"href":"http:\/\/esimerkki.latodesign.fi\/wordpress\/wp-json\/wp\/v2\/pages\/881","targetHints":{"allow":["GET"]}}],"collection":[{"href":"http:\/\/esimerkki.latodesign.fi\/wordpress\/wp-json\/wp\/v2\/pages"}],"about":[{"href":"http:\/\/esimerkki.latodesign.fi\/wordpress\/wp-json\/wp\/v2\/types\/page"}],"author":[{"embeddable":true,"href":"http:\/\/esimerkki.latodesign.fi\/wordpress\/wp-json\/wp\/v2\/users\/1"}],"replies":[{"embeddable":true,"href":"http:\/\/esimerkki.latodesign.fi\/wordpress\/wp-json\/wp\/v2\/comments?post=881"}],"version-history":[{"count":3,"href":"http:\/\/esimerkki.latodesign.fi\/wordpress\/wp-json\/wp\/v2\/pages\/881\/revisions"}],"predecessor-version":[{"id":1093,"href":"http:\/\/esimerkki.latodesign.fi\/wordpress\/wp-json\/wp\/v2\/pages\/881\/revisions\/1093"}],"wp:attachment":[{"href":"http:\/\/esimerkki.latodesign.fi\/wordpress\/wp-json\/wp\/v2\/media?parent=881"}],"curies":[{"name":"wp","href":"https:\/\/api.w.org\/{rel}","templated":true}]}}