{"id":871,"date":"2024-04-12T10:25:30","date_gmt":"2024-04-12T10:25:30","guid":{"rendered":"http:\/\/esimerkki.latodesign.fi\/wordpress\/?page_id=871"},"modified":"2024-04-15T00:13:17","modified_gmt":"2024-04-15T00:13:17","slug":"omakotitalouudisrakentaminen","status":"publish","type":"page","link":"http:\/\/esimerkki.latodesign.fi\/wordpress\/omakotitalouudisrakentaminen\/","title":{"rendered":"omakotitalouudisrakentaminen"},"content":{"rendered":"<style>.kb-row-layout-wrap.wp-block-kadence-rowlayout.kb-row-layout-id871_f7f8c4-af{margin-top:0px;margin-bottom:0px;}.kb-row-layout-id871_f7f8c4-af > .kt-row-column-wrap{align-content:center;}:where(.kb-row-layout-id871_f7f8c4-af > .kt-row-column-wrap) > .wp-block-kadence-column{justify-content:center;}.kb-row-layout-id871_f7f8c4-af > .kt-row-column-wrap{column-gap:var(--global-kb-gap-lg, 4rem);row-gap:var(--global-kb-gap-md, 2rem);padding-top:var(--global-kb-spacing-xl, 4rem);padding-right:var(--global-kb-spacing-lg, 3rem);padding-left:var(--global-kb-spacing-lg, 3rem);grid-template-columns:repeat(2, minmax(0, 1fr));}.kb-row-layout-id871_f7f8c4-af > .kt-row-layout-overlay{opacity:0.30;}@media all and (max-width: 1024px){.kb-row-layout-id871_f7f8c4-af > .kt-row-column-wrap{padding-right:0px;padding-left:0px;grid-template-columns:minmax(0, 1fr);}}@media all and (max-width: 767px){.kb-row-layout-id871_f7f8c4-af > .kt-row-column-wrap{padding-top:var(--global-kb-spacing-xs, 1rem);grid-template-columns:minmax(0, 1fr);}}<\/style><div class=\"kb-row-layout-wrap kb-row-layout-id871_f7f8c4-af alignfull has-theme-palette9-background-color kt-row-has-bg wp-block-kadence-rowlayout\"><div class=\"kt-row-column-wrap kt-has-2-columns kt-row-layout-equal kt-tab-layout-row kt-mobile-layout-row kt-row-valign-middle\">\n<style>.kadence-column871_ceeead-4d > .kt-inside-inner-col,.kadence-column871_ceeead-4d > .kt-inside-inner-col:before{border-top-left-radius:0px;border-top-right-radius:0px;border-bottom-right-radius:0px;border-bottom-left-radius:0px;}.kadence-column871_ceeead-4d > .kt-inside-inner-col{column-gap:var(--global-kb-gap-sm, 1rem);}.kadence-column871_ceeead-4d > .kt-inside-inner-col{flex-direction:column;}.kadence-column871_ceeead-4d > .kt-inside-inner-col > .aligncenter{width:100%;}.kadence-column871_ceeead-4d > .kt-inside-inner-col:before{opacity:0.3;}.kadence-column871_ceeead-4d{position:relative;}@media all and (max-width: 1024px){.kadence-column871_ceeead-4d > .kt-inside-inner-col{flex-direction:column;}}@media all and (max-width: 767px){.kadence-column871_ceeead-4d > .kt-inside-inner-col{flex-direction:column;}}<\/style>\n<div class=\"wp-block-kadence-column kadence-column871_ceeead-4d\"><div class=\"kt-inside-inner-col\"><style>.kb-gallery-id-871_e39077-8d .kadence-blocks-gallery-item .kb-gal-image-radius{border-radius:0px 0px 0px 0px;}@media all and (max-width: 767px){.wp-block-kadence-advancedgallery.kb-gallery-wrap-id-871_e39077-8d{padding-right:var(--global-kb-spacing-xs, 1rem);padding-left:var(--global-kb-spacing-xs, 1rem);}}<\/style><div class=\"kb-gallery-wrap-id-871_e39077-8d alignnone wp-block-kadence-advancedgallery\"><div class=\"kb-gallery-ul kb-gallery-non-static kb-gallery-type-slider kb-gallery-id-871_e39077-8d kb-gallery-caption-style-bottom-hover kb-gallery-filter-none\" data-image-filter=\"none\" data-lightbox-caption=\"true\"><div class=\"kt-blocks-carousel kt-carousel-container-dotstyle-dark\"><div class=\"kt-blocks-carousel-init kb-blocks-slider kt-carousel-arrowstyle-none kt-carousel-dotstyle-dark\" data-slider-anim-speed=\"400\" data-slider-scroll=\"1\" data-slider-arrows=\"false\" data-slider-fade=\"true\" data-slider-dots=\"true\"data-slider-type=\"slider\"  data-slider-hover-pause=\"false\" data-slider-auto=\"1\" data-slider-speed=\"7000\"><div class=\"kb-slide-item kb-gallery-slide-item\"><div class=\"kadence-blocks-gallery-item\"><div class=\"kadence-blocks-gallery-item-inner\"><figure class=\"kb-gallery-figure kadence-blocks-gallery-item-hide-caption\" \"><div class=\"kb-gal-image-radius\"><div class=\"kb-gallery-image-contain kadence-blocks-gallery-intrinsic kb-gallery-image-ratio-square kb-has-image-ratio-square\" ><img loading=\"lazy\" decoding=\"async\" src=\"http:\/\/esimerkki.latodesign.fi\/wordpress\/wp-content\/uploads\/2024\/04\/Uudis1.jpg\" width=\"667\" height=\"889\" alt=\"\" data-full-image=\"http:\/\/esimerkki.latodesign.fi\/wordpress\/wp-content\/uploads\/2024\/04\/Uudis1.jpg\" data-light-image=\"http:\/\/esimerkki.latodesign.fi\/wordpress\/wp-content\/uploads\/2024\/04\/Uudis1.jpg\" data-id=\"878\" class=\"wp-image-878 skip-lazy\" srcset=\"http:\/\/esimerkki.latodesign.fi\/wordpress\/wp-content\/uploads\/2024\/04\/Uudis1.jpg 667w, http:\/\/esimerkki.latodesign.fi\/wordpress\/wp-content\/uploads\/2024\/04\/Uudis1-225x300.jpg 225w\" sizes=\"auto, (max-width: 667px) 100vw, 667px\" \/><\/div><\/div><\/figure><\/div><\/div><\/div><div class=\"kb-slide-item kb-gallery-slide-item\"><div class=\"kadence-blocks-gallery-item\"><div class=\"kadence-blocks-gallery-item-inner\"><figure class=\"kb-gallery-figure kadence-blocks-gallery-item-hide-caption\" \"><div class=\"kb-gal-image-radius\"><div class=\"kb-gallery-image-contain kadence-blocks-gallery-intrinsic kb-gallery-image-ratio-square kb-has-image-ratio-square\" ><img loading=\"lazy\" decoding=\"async\" src=\"http:\/\/esimerkki.latodesign.fi\/wordpress\/wp-content\/uploads\/2024\/04\/Uudis6.jpg\" width=\"667\" height=\"889\" alt=\"\" data-full-image=\"http:\/\/esimerkki.latodesign.fi\/wordpress\/wp-content\/uploads\/2024\/04\/Uudis6.jpg\" data-light-image=\"http:\/\/esimerkki.latodesign.fi\/wordpress\/wp-content\/uploads\/2024\/04\/Uudis6.jpg\" data-id=\"873\" class=\"wp-image-873 skip-lazy\" srcset=\"http:\/\/esimerkki.latodesign.fi\/wordpress\/wp-content\/uploads\/2024\/04\/Uudis6.jpg 667w, http:\/\/esimerkki.latodesign.fi\/wordpress\/wp-content\/uploads\/2024\/04\/Uudis6-225x300.jpg 225w\" sizes=\"auto, (max-width: 667px) 100vw, 667px\" \/><\/div><\/div><\/figure><\/div><\/div><\/div><div class=\"kb-slide-item kb-gallery-slide-item\"><div class=\"kadence-blocks-gallery-item\"><div class=\"kadence-blocks-gallery-item-inner\"><figure class=\"kb-gallery-figure kadence-blocks-gallery-item-hide-caption\" \"><div class=\"kb-gal-image-radius\"><div class=\"kb-gallery-image-contain kadence-blocks-gallery-intrinsic kb-gallery-image-ratio-square kb-has-image-ratio-square\" ><img loading=\"lazy\" decoding=\"async\" src=\"http:\/\/esimerkki.latodesign.fi\/wordpress\/wp-content\/uploads\/2024\/04\/Uudis2.jpg\" width=\"296\" height=\"222\" alt=\"\" data-full-image=\"http:\/\/esimerkki.latodesign.fi\/wordpress\/wp-content\/uploads\/2024\/04\/Uudis2.jpg\" data-light-image=\"http:\/\/esimerkki.latodesign.fi\/wordpress\/wp-content\/uploads\/2024\/04\/Uudis2.jpg\" data-id=\"877\" class=\"wp-image-877 skip-lazy\"\/><\/div><\/div><\/figure><\/div><\/div><\/div><div class=\"kb-slide-item kb-gallery-slide-item\"><div class=\"kadence-blocks-gallery-item\"><div class=\"kadence-blocks-gallery-item-inner\"><figure class=\"kb-gallery-figure kadence-blocks-gallery-item-hide-caption\" \"><div class=\"kb-gal-image-radius\"><div class=\"kb-gallery-image-contain kadence-blocks-gallery-intrinsic kb-gallery-image-ratio-square kb-has-image-ratio-square\" ><img loading=\"lazy\" decoding=\"async\" src=\"http:\/\/esimerkki.latodesign.fi\/wordpress\/wp-content\/uploads\/2024\/04\/Uudis3.jpg\" width=\"297\" height=\"223\" alt=\"\" data-full-image=\"http:\/\/esimerkki.latodesign.fi\/wordpress\/wp-content\/uploads\/2024\/04\/Uudis3.jpg\" data-light-image=\"http:\/\/esimerkki.latodesign.fi\/wordpress\/wp-content\/uploads\/2024\/04\/Uudis3.jpg\" data-id=\"876\" class=\"wp-image-876 skip-lazy\"\/><\/div><\/div><\/figure><\/div><\/div><\/div><div class=\"kb-slide-item kb-gallery-slide-item\"><div class=\"kadence-blocks-gallery-item\"><div class=\"kadence-blocks-gallery-item-inner\"><figure class=\"kb-gallery-figure kadence-blocks-gallery-item-hide-caption\" \"><div class=\"kb-gal-image-radius\"><div class=\"kb-gallery-image-contain kadence-blocks-gallery-intrinsic kb-gallery-image-ratio-square kb-has-image-ratio-square\" ><img loading=\"lazy\" decoding=\"async\" src=\"http:\/\/esimerkki.latodesign.fi\/wordpress\/wp-content\/uploads\/2024\/04\/Uudis7.jpg\" width=\"668\" height=\"890\" alt=\"\" data-full-image=\"http:\/\/esimerkki.latodesign.fi\/wordpress\/wp-content\/uploads\/2024\/04\/Uudis7.jpg\" data-light-image=\"http:\/\/esimerkki.latodesign.fi\/wordpress\/wp-content\/uploads\/2024\/04\/Uudis7.jpg\" data-id=\"872\" class=\"wp-image-872 skip-lazy\" srcset=\"http:\/\/esimerkki.latodesign.fi\/wordpress\/wp-content\/uploads\/2024\/04\/Uudis7.jpg 668w, http:\/\/esimerkki.latodesign.fi\/wordpress\/wp-content\/uploads\/2024\/04\/Uudis7-225x300.jpg 225w\" sizes=\"auto, (max-width: 668px) 100vw, 668px\" \/><\/div><\/div><\/figure><\/div><\/div><\/div><div class=\"kb-slide-item kb-gallery-slide-item\"><div class=\"kadence-blocks-gallery-item\"><div class=\"kadence-blocks-gallery-item-inner\"><figure class=\"kb-gallery-figure kadence-blocks-gallery-item-hide-caption\" \"><div class=\"kb-gal-image-radius\"><div class=\"kb-gallery-image-contain kadence-blocks-gallery-intrinsic kb-gallery-image-ratio-square kb-has-image-ratio-square\" ><img loading=\"lazy\" decoding=\"async\" src=\"http:\/\/esimerkki.latodesign.fi\/wordpress\/wp-content\/uploads\/2024\/04\/Uudis4.jpg\" width=\"166\" height=\"222\" alt=\"\" data-full-image=\"http:\/\/esimerkki.latodesign.fi\/wordpress\/wp-content\/uploads\/2024\/04\/Uudis4.jpg\" data-light-image=\"http:\/\/esimerkki.latodesign.fi\/wordpress\/wp-content\/uploads\/2024\/04\/Uudis4.jpg\" data-id=\"875\" class=\"wp-image-875 skip-lazy\"\/><\/div><\/div><\/figure><\/div><\/div><\/div><div class=\"kb-slide-item kb-gallery-slide-item\"><div class=\"kadence-blocks-gallery-item\"><div class=\"kadence-blocks-gallery-item-inner\"><figure class=\"kb-gallery-figure kadence-blocks-gallery-item-hide-caption\" \"><div class=\"kb-gal-image-radius\"><div class=\"kb-gallery-image-contain kadence-blocks-gallery-intrinsic kb-gallery-image-ratio-square kb-has-image-ratio-square\" ><img loading=\"lazy\" decoding=\"async\" src=\"http:\/\/esimerkki.latodesign.fi\/wordpress\/wp-content\/uploads\/2024\/04\/Uudis5-1024x768.jpg\" width=\"1024\" height=\"768\" alt=\"\" data-full-image=\"http:\/\/esimerkki.latodesign.fi\/wordpress\/wp-content\/uploads\/2024\/04\/Uudis5.jpg\" data-light-image=\"http:\/\/esimerkki.latodesign.fi\/wordpress\/wp-content\/uploads\/2024\/04\/Uudis5.jpg\" data-id=\"874\" class=\"wp-image-874 skip-lazy\" srcset=\"http:\/\/esimerkki.latodesign.fi\/wordpress\/wp-content\/uploads\/2024\/04\/Uudis5-1024x768.jpg 1024w, http:\/\/esimerkki.latodesign.fi\/wordpress\/wp-content\/uploads\/2024\/04\/Uudis5-300x225.jpg 300w, http:\/\/esimerkki.latodesign.fi\/wordpress\/wp-content\/uploads\/2024\/04\/Uudis5-768x576.jpg 768w, http:\/\/esimerkki.latodesign.fi\/wordpress\/wp-content\/uploads\/2024\/04\/Uudis5.jpg 1185w\" sizes=\"auto, (max-width: 1024px) 100vw, 1024px\" \/><\/div><\/div><\/figure><\/div><\/div><\/div><\/div><\/div><\/div><\/div><\/div><\/div>\n\n\n<style>.kadence-column871_5ad833-95 > .kt-inside-inner-col{display:flex;}.kadence-column871_5ad833-95 > .kt-inside-inner-col{padding-right:var(--global-kb-spacing-3xl, 6.5rem);padding-left:0px;}.kadence-column871_5ad833-95 > .kt-inside-inner-col,.kadence-column871_5ad833-95 > .kt-inside-inner-col:before{border-top-left-radius:0px;border-top-right-radius:0px;border-bottom-right-radius:0px;border-bottom-left-radius:0px;}.kadence-column871_5ad833-95 > .kt-inside-inner-col{row-gap:var(--global-kb-gap-sm, 1rem);column-gap:var(--global-kb-gap-sm, 1rem);}.kadence-column871_5ad833-95 > .kt-inside-inner-col{flex-direction:column;}.kadence-column871_5ad833-95 > .kt-inside-inner-col > .aligncenter{width:100%;}.kadence-column871_5ad833-95 > .kt-inside-inner-col:before{opacity:0.3;}.kadence-column871_5ad833-95{position:relative;}@media all and (max-width: 1024px){.kadence-column871_5ad833-95 > .kt-inside-inner-col{padding-top:0px;padding-bottom:var(--global-kb-spacing-lg, 3rem);flex-direction:row;flex-wrap:wrap;justify-content:center;}}@media all and (min-width: 768px) and (max-width: 1024px){.kadence-column871_5ad833-95 > .kt-inside-inner-col > *, .kadence-column871_5ad833-95 > .kt-inside-inner-col > figure.wp-block-image, .kadence-column871_5ad833-95 > .kt-inside-inner-col > figure.wp-block-kadence-image{margin-top:0px;margin-bottom:0px;}.kadence-column871_5ad833-95 > .kt-inside-inner-col > .kb-image-is-ratio-size{flex-grow:1;}}@media all and (max-width: 767px){.kadence-column871_5ad833-95 > .kt-inside-inner-col{padding-right:var(--global-kb-spacing-sm, 1.5rem);padding-left:var(--global-kb-spacing-sm, 1.5rem);flex-direction:row;flex-wrap:wrap;justify-content:center;}.kadence-column871_5ad833-95 > .kt-inside-inner-col > *, .kadence-column871_5ad833-95 > .kt-inside-inner-col > figure.wp-block-image, .kadence-column871_5ad833-95 > .kt-inside-inner-col > figure.wp-block-kadence-image{margin-top:0px;margin-bottom:0px;}.kadence-column871_5ad833-95 > .kt-inside-inner-col > .kb-image-is-ratio-size{flex-grow:1;}}<\/style>\n<div class=\"wp-block-kadence-column kadence-column871_5ad833-95 kb-section-dir-vertical kb-section-md-dir-horizontal\"><div class=\"kt-inside-inner-col\"><style>.wp-block-kadence-advancedheading.kt-adv-heading871_ca5494-e7, .wp-block-kadence-advancedheading.kt-adv-heading871_ca5494-e7[data-kb-block=\"kb-adv-heading871_ca5494-e7\"]{padding-top:0px;margin-top:var(--global-kb-spacing-sm, 1.5rem);text-align:left;font-size:var(--global-kb-font-size-xl, 3rem);line-height:1.2;font-style:normal;}.wp-block-kadence-advancedheading.kt-adv-heading871_ca5494-e7 mark, .wp-block-kadence-advancedheading.kt-adv-heading871_ca5494-e7[data-kb-block=\"kb-adv-heading871_ca5494-e7\"] mark{font-style:normal;color:#f76a0c;padding-top:0px;padding-right:0px;padding-bottom:0px;padding-left:0px;}<\/style>\n<h2 class=\"kt-adv-heading871_ca5494-e7 wp-block-kadence-advancedheading has-theme-palette-1-color has-text-color\" data-kb-block=\"kb-adv-heading871_ca5494-e7\">Omakotitalo uudisrakentaminen<\/h2>\n\n\n<style>.wp-block-kadence-advancedheading.kt-adv-heading871_c0d33c-06, .wp-block-kadence-advancedheading.kt-adv-heading871_c0d33c-06[data-kb-block=\"kb-adv-heading871_c0d33c-06\"]{display:block;padding-bottom:0px;margin-bottom:0px;text-align:left;font-style:normal;text-transform:uppercase;}.wp-block-kadence-advancedheading.kt-adv-heading871_c0d33c-06 mark, .wp-block-kadence-advancedheading.kt-adv-heading871_c0d33c-06[data-kb-block=\"kb-adv-heading871_c0d33c-06\"] mark{font-style:normal;color:#f76a0c;padding-top:0px;padding-right:0px;padding-bottom:0px;padding-left:0px;}<\/style>\n<span class=\"kt-adv-heading871_c0d33c-06 wp-block-kadence-advancedheading has-theme-palette-3-color has-text-color\" data-kb-block=\"kb-adv-heading871_c0d33c-06\">kohde: Omk-talo\/ Uudisrakentaminen\/Helsinki v.2022<br><br>Yhteisty\u00f6ss\u00e4: Rakennusliike Tekson Oy\/RK&amp;AK Rakennus Oy<br><\/span>\n\n\n<style>.wp-block-kadence-advancedheading.kt-adv-heading871_55699f-19, .wp-block-kadence-advancedheading.kt-adv-heading871_55699f-19[data-kb-block=\"kb-adv-heading871_55699f-19\"]{text-align:left;font-style:normal;}.wp-block-kadence-advancedheading.kt-adv-heading871_55699f-19 mark, .wp-block-kadence-advancedheading.kt-adv-heading871_55699f-19[data-kb-block=\"kb-adv-heading871_55699f-19\"] mark{font-style:normal;color:#f76a0c;padding-top:0px;padding-right:0px;padding-bottom:0px;padding-left:0px;}<\/style>\n<p class=\"kt-adv-heading871_55699f-19 wp-block-kadence-advancedheading has-theme-palette-3-color has-text-color\" data-kb-block=\"kb-adv-heading871_55699f-19\">Suunnitteletko omakotitalon uudisrakentamista Klaukkalassa? Tarvitsetko ammattitaitoista urakoitsijaa hoitamaan s\u00e4hk\u00f6urakoinnin uudisrakennusprojektissasi? Meid\u00e4n tiimimme on erikoistunut tarjoamaan kattavia s\u00e4hk\u00f6urakointipalveluita omakotitalojen uudisrakentamiseen, ja meill\u00e4 on vankka kokemus vastaavista projekteista.<br><br>Omakotitalon s\u00e4hk\u00f6urakointi on t\u00e4rke\u00e4 osa uudisrakentamista, ja sen on oltava suunniteltu ja toteutettu huolellisesti. Meid\u00e4n ammattitaitoiset s\u00e4hk\u00f6urakoitsijamme k\u00e4ytt\u00e4v\u00e4t nykyaikaisia ty\u00f6kaluja ja noudattavat alan standardeja varmistaakseen turvallisen, toimivan ja energiatehokkaan s\u00e4hk\u00f6j\u00e4rjestelm\u00e4n omakotitalossasi.<br><br><br><br><\/p>\n<\/div><\/div>\n\n<\/div><\/div>","protected":false},"excerpt":{"rendered":"<p>Omakotitalo uudisrakentaminen kohde: Omk-talo\/ Uudisrakentaminen\/Helsinki v.2022 Yhteisty\u00f6ss\u00e4: Rakennusliike Tekson Oy\/RK&amp;AK Rakennus Oy Suunnitteletko omakotitalon uudisrakentamista Klaukkalassa? Tarvitsetko ammattitaitoista urakoitsijaa hoitamaan s\u00e4hk\u00f6urakoinnin uudisrakennusprojektissasi? Meid\u00e4n tiimimme on erikoistunut tarjoamaan kattavia s\u00e4hk\u00f6urakointipalveluita omakotitalojen uudisrakentamiseen, ja meill\u00e4 on vankka kokemus vastaavista projekteista. Omakotitalon s\u00e4hk\u00f6urakointi on t\u00e4rke\u00e4 osa uudisrakentamista, ja sen on oltava suunniteltu ja toteutettu huolellisesti. Meid\u00e4n ammattitaitoiset s\u00e4hk\u00f6urakoitsijamme&#8230;<\/p>\n","protected":false},"author":1,"featured_media":0,"parent":0,"menu_order":0,"comment_status":"closed","ping_status":"closed","template":"","meta":{"_kadence_starter_templates_imported_post":false,"_kad_post_transparent":"disable","_kad_post_title":"hide","_kad_post_layout":"","_kad_post_sidebar_id":"","_kad_post_content_style":"","_kad_post_vertical_padding":"","_kad_post_feature":"","_kad_post_feature_position":"","_kad_post_header":false,"_kad_post_footer":false,"footnotes":""},"class_list":["post-871","page","type-page","status-publish","hentry"],"_links":{"self":[{"href":"http:\/\/esimerkki.latodesign.fi\/wordpress\/wp-json\/wp\/v2\/pages\/871","targetHints":{"allow":["GET"]}}],"collection":[{"href":"http:\/\/esimerkki.latodesign.fi\/wordpress\/wp-json\/wp\/v2\/pages"}],"about":[{"href":"http:\/\/esimerkki.latodesign.fi\/wordpress\/wp-json\/wp\/v2\/types\/page"}],"author":[{"embeddable":true,"href":"http:\/\/esimerkki.latodesign.fi\/wordpress\/wp-json\/wp\/v2\/users\/1"}],"replies":[{"embeddable":true,"href":"http:\/\/esimerkki.latodesign.fi\/wordpress\/wp-json\/wp\/v2\/comments?post=871"}],"version-history":[{"count":3,"href":"http:\/\/esimerkki.latodesign.fi\/wordpress\/wp-json\/wp\/v2\/pages\/871\/revisions"}],"predecessor-version":[{"id":1094,"href":"http:\/\/esimerkki.latodesign.fi\/wordpress\/wp-json\/wp\/v2\/pages\/871\/revisions\/1094"}],"wp:attachment":[{"href":"http:\/\/esimerkki.latodesign.fi\/wordpress\/wp-json\/wp\/v2\/media?parent=871"}],"curies":[{"name":"wp","href":"https:\/\/api.w.org\/{rel}","templated":true}]}}