{"id":862,"date":"2024-04-12T10:16:44","date_gmt":"2024-04-12T10:16:44","guid":{"rendered":"http:\/\/esimerkki.latodesign.fi\/wordpress\/?page_id=862"},"modified":"2024-04-15T00:11:01","modified_gmt":"2024-04-15T00:11:01","slug":"asennusklaukkala","status":"publish","type":"page","link":"http:\/\/esimerkki.latodesign.fi\/wordpress\/asennusklaukkala\/","title":{"rendered":"asennusklaukkala"},"content":{"rendered":"<style>.kb-row-layout-wrap.wp-block-kadence-rowlayout.kb-row-layout-id862_efedbe-5d{margin-top:0px;margin-bottom:0px;}.kb-row-layout-id862_efedbe-5d > .kt-row-column-wrap{align-content:center;}:where(.kb-row-layout-id862_efedbe-5d > .kt-row-column-wrap) > .wp-block-kadence-column{justify-content:center;}.kb-row-layout-id862_efedbe-5d > .kt-row-column-wrap{column-gap:var(--global-kb-gap-lg, 4rem);row-gap:var(--global-kb-gap-md, 2rem);padding-top:var(--global-kb-spacing-xl, 4rem);padding-right:var(--global-kb-spacing-lg, 3rem);padding-left:var(--global-kb-spacing-lg, 3rem);grid-template-columns:repeat(2, minmax(0, 1fr));}.kb-row-layout-id862_efedbe-5d > .kt-row-layout-overlay{opacity:0.30;}@media all and (max-width: 1024px){.kb-row-layout-id862_efedbe-5d > .kt-row-column-wrap{padding-right:0px;padding-left:0px;grid-template-columns:minmax(0, 1fr);}}@media all and (max-width: 767px){.kb-row-layout-id862_efedbe-5d > .kt-row-column-wrap{padding-top:var(--global-kb-spacing-xs, 1rem);grid-template-columns:minmax(0, 1fr);}}<\/style><div class=\"kb-row-layout-wrap kb-row-layout-id862_efedbe-5d alignfull has-theme-palette9-background-color kt-row-has-bg wp-block-kadence-rowlayout\"><div class=\"kt-row-column-wrap kt-has-2-columns kt-row-layout-equal kt-tab-layout-row kt-mobile-layout-row kt-row-valign-middle\">\n<style>.kadence-column862_e5a646-ff > .kt-inside-inner-col,.kadence-column862_e5a646-ff > .kt-inside-inner-col:before{border-top-left-radius:0px;border-top-right-radius:0px;border-bottom-right-radius:0px;border-bottom-left-radius:0px;}.kadence-column862_e5a646-ff > .kt-inside-inner-col{column-gap:var(--global-kb-gap-sm, 1rem);}.kadence-column862_e5a646-ff > .kt-inside-inner-col{flex-direction:column;}.kadence-column862_e5a646-ff > .kt-inside-inner-col > .aligncenter{width:100%;}.kadence-column862_e5a646-ff > .kt-inside-inner-col:before{opacity:0.3;}.kadence-column862_e5a646-ff{position:relative;}@media all and (max-width: 1024px){.kadence-column862_e5a646-ff > .kt-inside-inner-col{flex-direction:column;}}@media all and (max-width: 767px){.kadence-column862_e5a646-ff > .kt-inside-inner-col{flex-direction:column;}}<\/style>\n<div class=\"wp-block-kadence-column kadence-column862_e5a646-ff\"><div class=\"kt-inside-inner-col\"><style>.kb-gallery-id-862_b391e1-45 .kadence-blocks-gallery-item .kb-gal-image-radius{border-radius:0px 0px 0px 0px;}@media all and (max-width: 767px){.wp-block-kadence-advancedgallery.kb-gallery-wrap-id-862_b391e1-45{padding-right:var(--global-kb-spacing-xs, 1rem);padding-left:var(--global-kb-spacing-xs, 1rem);}}<\/style><div class=\"kb-gallery-wrap-id-862_b391e1-45 alignnone wp-block-kadence-advancedgallery\"><div class=\"kb-gallery-ul kb-gallery-non-static kb-gallery-type-slider kb-gallery-id-862_b391e1-45 kb-gallery-caption-style-bottom-hover kb-gallery-filter-none\" data-image-filter=\"none\" data-lightbox-caption=\"true\"><div class=\"kt-blocks-carousel kt-carousel-container-dotstyle-dark\"><div class=\"kt-blocks-carousel-init kb-blocks-slider kt-carousel-arrowstyle-none kt-carousel-dotstyle-dark\" data-slider-anim-speed=\"400\" data-slider-scroll=\"1\" data-slider-arrows=\"false\" data-slider-fade=\"true\" data-slider-dots=\"true\"data-slider-type=\"slider\"  data-slider-hover-pause=\"false\" data-slider-auto=\"1\" data-slider-speed=\"7000\"><div class=\"kb-slide-item kb-gallery-slide-item\"><div class=\"kadence-blocks-gallery-item\"><div class=\"kadence-blocks-gallery-item-inner\"><figure class=\"kb-gallery-figure kadence-blocks-gallery-item-hide-caption\" \"><div class=\"kb-gal-image-radius\"><div class=\"kb-gallery-image-contain kadence-blocks-gallery-intrinsic kb-gallery-image-ratio-square kb-has-image-ratio-square\" ><img loading=\"lazy\" decoding=\"async\" src=\"http:\/\/esimerkki.latodesign.fi\/wordpress\/wp-content\/uploads\/2024\/04\/Lumieste1.jpg\" width=\"668\" height=\"890\" alt=\"\" data-full-image=\"http:\/\/esimerkki.latodesign.fi\/wordpress\/wp-content\/uploads\/2024\/04\/Lumieste1.jpg\" data-light-image=\"http:\/\/esimerkki.latodesign.fi\/wordpress\/wp-content\/uploads\/2024\/04\/Lumieste1.jpg\" data-id=\"866\" class=\"wp-image-866 skip-lazy\" srcset=\"http:\/\/esimerkki.latodesign.fi\/wordpress\/wp-content\/uploads\/2024\/04\/Lumieste1.jpg 668w, http:\/\/esimerkki.latodesign.fi\/wordpress\/wp-content\/uploads\/2024\/04\/Lumieste1-225x300.jpg 225w\" sizes=\"auto, (max-width: 668px) 100vw, 668px\" \/><\/div><\/div><\/figure><\/div><\/div><\/div><div class=\"kb-slide-item kb-gallery-slide-item\"><div class=\"kadence-blocks-gallery-item\"><div class=\"kadence-blocks-gallery-item-inner\"><figure class=\"kb-gallery-figure kadence-blocks-gallery-item-hide-caption\" \"><div class=\"kb-gal-image-radius\"><div class=\"kb-gallery-image-contain kadence-blocks-gallery-intrinsic kb-gallery-image-ratio-square kb-has-image-ratio-square\" ><img loading=\"lazy\" decoding=\"async\" src=\"http:\/\/esimerkki.latodesign.fi\/wordpress\/wp-content\/uploads\/2024\/04\/Lumieste2-768x1024.jpg\" width=\"768\" height=\"1024\" alt=\"\" data-full-image=\"http:\/\/esimerkki.latodesign.fi\/wordpress\/wp-content\/uploads\/2024\/04\/Lumieste2.jpg\" data-light-image=\"http:\/\/esimerkki.latodesign.fi\/wordpress\/wp-content\/uploads\/2024\/04\/Lumieste2.jpg\" data-id=\"865\" class=\"wp-image-865 skip-lazy\" srcset=\"http:\/\/esimerkki.latodesign.fi\/wordpress\/wp-content\/uploads\/2024\/04\/Lumieste2-768x1024.jpg 768w, http:\/\/esimerkki.latodesign.fi\/wordpress\/wp-content\/uploads\/2024\/04\/Lumieste2-225x300.jpg 225w, http:\/\/esimerkki.latodesign.fi\/wordpress\/wp-content\/uploads\/2024\/04\/Lumieste2.jpg 980w\" sizes=\"auto, (max-width: 768px) 100vw, 768px\" \/><\/div><\/div><\/figure><\/div><\/div><\/div><div class=\"kb-slide-item kb-gallery-slide-item\"><div class=\"kadence-blocks-gallery-item\"><div class=\"kadence-blocks-gallery-item-inner\"><figure class=\"kb-gallery-figure kadence-blocks-gallery-item-hide-caption\" \"><div class=\"kb-gal-image-radius\"><div class=\"kb-gallery-image-contain kadence-blocks-gallery-intrinsic kb-gallery-image-ratio-square kb-has-image-ratio-square\" ><img loading=\"lazy\" decoding=\"async\" src=\"http:\/\/esimerkki.latodesign.fi\/wordpress\/wp-content\/uploads\/2024\/04\/Lumieste3-1024x768.jpg\" width=\"1024\" height=\"768\" alt=\"\" data-full-image=\"http:\/\/esimerkki.latodesign.fi\/wordpress\/wp-content\/uploads\/2024\/04\/Lumieste3.jpg\" data-light-image=\"http:\/\/esimerkki.latodesign.fi\/wordpress\/wp-content\/uploads\/2024\/04\/Lumieste3.jpg\" data-id=\"864\" class=\"wp-image-864 skip-lazy\" srcset=\"http:\/\/esimerkki.latodesign.fi\/wordpress\/wp-content\/uploads\/2024\/04\/Lumieste3-1024x768.jpg 1024w, http:\/\/esimerkki.latodesign.fi\/wordpress\/wp-content\/uploads\/2024\/04\/Lumieste3-300x225.jpg 300w, http:\/\/esimerkki.latodesign.fi\/wordpress\/wp-content\/uploads\/2024\/04\/Lumieste3-768x576.jpg 768w, http:\/\/esimerkki.latodesign.fi\/wordpress\/wp-content\/uploads\/2024\/04\/Lumieste3.jpg 1185w\" sizes=\"auto, (max-width: 1024px) 100vw, 1024px\" \/><\/div><\/div><\/figure><\/div><\/div><\/div><\/div><\/div><\/div><\/div><\/div><\/div>\n\n\n<style>.kadence-column862_1c4fb8-44 > .kt-inside-inner-col{display:flex;}.kadence-column862_1c4fb8-44 > .kt-inside-inner-col{padding-right:var(--global-kb-spacing-3xl, 6.5rem);padding-left:0px;}.kadence-column862_1c4fb8-44 > .kt-inside-inner-col,.kadence-column862_1c4fb8-44 > .kt-inside-inner-col:before{border-top-left-radius:0px;border-top-right-radius:0px;border-bottom-right-radius:0px;border-bottom-left-radius:0px;}.kadence-column862_1c4fb8-44 > .kt-inside-inner-col{row-gap:var(--global-kb-gap-sm, 1rem);column-gap:var(--global-kb-gap-sm, 1rem);}.kadence-column862_1c4fb8-44 > .kt-inside-inner-col{flex-direction:column;}.kadence-column862_1c4fb8-44 > .kt-inside-inner-col > .aligncenter{width:100%;}.kadence-column862_1c4fb8-44 > .kt-inside-inner-col:before{opacity:0.3;}.kadence-column862_1c4fb8-44{position:relative;}@media all and (max-width: 1024px){.kadence-column862_1c4fb8-44 > .kt-inside-inner-col{padding-top:0px;padding-bottom:var(--global-kb-spacing-lg, 3rem);flex-direction:row;flex-wrap:wrap;justify-content:center;}}@media all and (min-width: 768px) and (max-width: 1024px){.kadence-column862_1c4fb8-44 > .kt-inside-inner-col > *, .kadence-column862_1c4fb8-44 > .kt-inside-inner-col > figure.wp-block-image, .kadence-column862_1c4fb8-44 > .kt-inside-inner-col > figure.wp-block-kadence-image{margin-top:0px;margin-bottom:0px;}.kadence-column862_1c4fb8-44 > .kt-inside-inner-col > .kb-image-is-ratio-size{flex-grow:1;}}@media all and (max-width: 767px){.kadence-column862_1c4fb8-44 > .kt-inside-inner-col{padding-right:var(--global-kb-spacing-sm, 1.5rem);padding-left:var(--global-kb-spacing-sm, 1.5rem);flex-direction:row;flex-wrap:wrap;justify-content:center;}.kadence-column862_1c4fb8-44 > .kt-inside-inner-col > *, .kadence-column862_1c4fb8-44 > .kt-inside-inner-col > figure.wp-block-image, .kadence-column862_1c4fb8-44 > .kt-inside-inner-col > figure.wp-block-kadence-image{margin-top:0px;margin-bottom:0px;}.kadence-column862_1c4fb8-44 > .kt-inside-inner-col > .kb-image-is-ratio-size{flex-grow:1;}}<\/style>\n<div class=\"wp-block-kadence-column kadence-column862_1c4fb8-44 kb-section-dir-vertical kb-section-md-dir-horizontal\"><div class=\"kt-inside-inner-col\"><style>.wp-block-kadence-advancedheading.kt-adv-heading862_a1c280-93, .wp-block-kadence-advancedheading.kt-adv-heading862_a1c280-93[data-kb-block=\"kb-adv-heading862_a1c280-93\"]{padding-top:0px;margin-top:var(--global-kb-spacing-sm, 1.5rem);text-align:left;font-size:var(--global-kb-font-size-xl, 3rem);line-height:1.2;font-style:normal;}.wp-block-kadence-advancedheading.kt-adv-heading862_a1c280-93 mark, .wp-block-kadence-advancedheading.kt-adv-heading862_a1c280-93[data-kb-block=\"kb-adv-heading862_a1c280-93\"] mark{font-style:normal;color:#f76a0c;padding-top:0px;padding-right:0px;padding-bottom:0px;padding-left:0px;}<\/style>\n<h2 class=\"kt-adv-heading862_a1c280-93 wp-block-kadence-advancedheading has-theme-palette-1-color has-text-color\" data-kb-block=\"kb-adv-heading862_a1c280-93\">Lumiesteiden asennus ja aidan korjaus<\/h2>\n\n\n<style>.wp-block-kadence-advancedheading.kt-adv-heading862_a42838-75, .wp-block-kadence-advancedheading.kt-adv-heading862_a42838-75[data-kb-block=\"kb-adv-heading862_a42838-75\"]{display:block;padding-bottom:0px;margin-bottom:0px;text-align:left;font-style:normal;text-transform:uppercase;}.wp-block-kadence-advancedheading.kt-adv-heading862_a42838-75 mark, .wp-block-kadence-advancedheading.kt-adv-heading862_a42838-75[data-kb-block=\"kb-adv-heading862_a42838-75\"] mark{font-style:normal;color:#f76a0c;padding-top:0px;padding-right:0px;padding-bottom:0px;padding-left:0px;}<\/style>\n<span class=\"kt-adv-heading862_a42838-75 wp-block-kadence-advancedheading has-theme-palette-3-color has-text-color\" data-kb-block=\"kb-adv-heading862_a42838-75\">kohde: Lumiesteiden asennus klaukkala v.2023<br><\/span>\n\n\n<style>.wp-block-kadence-advancedheading.kt-adv-heading862_b13c1d-8e, .wp-block-kadence-advancedheading.kt-adv-heading862_b13c1d-8e[data-kb-block=\"kb-adv-heading862_b13c1d-8e\"]{text-align:left;font-style:normal;}.wp-block-kadence-advancedheading.kt-adv-heading862_b13c1d-8e mark, .wp-block-kadence-advancedheading.kt-adv-heading862_b13c1d-8e[data-kb-block=\"kb-adv-heading862_b13c1d-8e\"] mark{font-style:normal;color:#f76a0c;padding-top:0px;padding-right:0px;padding-bottom:0px;padding-left:0px;}<\/style>\n<p class=\"kt-adv-heading862_b13c1d-8e wp-block-kadence-advancedheading has-theme-palette-3-color has-text-color\" data-kb-block=\"kb-adv-heading862_b13c1d-8e\">Tarvitsetko luotettavaa lumiesteiden asennuspalvelua? Meid\u00e4n ammattitaitoinen tiimimme on erikoistunut turvallisten ja kest\u00e4vien lumiesteiden asennukseen.<br><br>Lumiesteiden asennus on t\u00e4rke\u00e4 toimenpide, joka auttaa est\u00e4m\u00e4\u00e4n lumimassojen putoamisen katolta ja siten suojaa taloasi ja sen ymp\u00e4rist\u00f6\u00e4. Turvallisuuden takaamiseksi me k\u00e4yt\u00e4mme korkealaatuisia materiaaleja ja varmistamme asennuksen kest\u00e4vyyden.<br><br>Olipa kyseess\u00e4 rivitalo tai omakotitalo, tarjoamme r\u00e4\u00e4t\u00e4l\u00f6ityj\u00e4 lumiesteiden asennusratkaisuja Klaukkalassa. Ammattitaitoiset asentajamme huolehtivat siit\u00e4, ett\u00e4 lumiesteet asennetaan oikein ja niiden sijoittelu on optimaalinen lumikuormien hallitsemiseksi.<br><br>Hakusanat: lumiesteiden asennus Klaukkala, talon lumiesteet, lumiesteiden turvallinen asennus, lumiesteiden kest\u00e4vyys, lumikuorman hallinta, ammattitaitoinen lumiesteiden asennus.<\/p>\n<\/div><\/div>\n\n<\/div><\/div>","protected":false},"excerpt":{"rendered":"<p>Lumiesteiden asennus ja aidan korjaus kohde: Lumiesteiden asennus klaukkala v.2023 Tarvitsetko luotettavaa lumiesteiden asennuspalvelua? Meid\u00e4n ammattitaitoinen tiimimme on erikoistunut turvallisten ja kest\u00e4vien lumiesteiden asennukseen. Lumiesteiden asennus on t\u00e4rke\u00e4 toimenpide, joka auttaa est\u00e4m\u00e4\u00e4n lumimassojen putoamisen katolta ja siten suojaa taloasi ja sen ymp\u00e4rist\u00f6\u00e4. Turvallisuuden takaamiseksi me k\u00e4yt\u00e4mme korkealaatuisia materiaaleja ja varmistamme asennuksen kest\u00e4vyyden. Olipa kyseess\u00e4 rivitalo&#8230;<\/p>\n","protected":false},"author":1,"featured_media":0,"parent":0,"menu_order":0,"comment_status":"closed","ping_status":"closed","template":"","meta":{"_kadence_starter_templates_imported_post":false,"_kad_post_transparent":"disable","_kad_post_title":"hide","_kad_post_layout":"","_kad_post_sidebar_id":"","_kad_post_content_style":"","_kad_post_vertical_padding":"","_kad_post_feature":"","_kad_post_feature_position":"","_kad_post_header":false,"_kad_post_footer":false,"footnotes":""},"class_list":["post-862","page","type-page","status-publish","hentry"],"_links":{"self":[{"href":"http:\/\/esimerkki.latodesign.fi\/wordpress\/wp-json\/wp\/v2\/pages\/862","targetHints":{"allow":["GET"]}}],"collection":[{"href":"http:\/\/esimerkki.latodesign.fi\/wordpress\/wp-json\/wp\/v2\/pages"}],"about":[{"href":"http:\/\/esimerkki.latodesign.fi\/wordpress\/wp-json\/wp\/v2\/types\/page"}],"author":[{"embeddable":true,"href":"http:\/\/esimerkki.latodesign.fi\/wordpress\/wp-json\/wp\/v2\/users\/1"}],"replies":[{"embeddable":true,"href":"http:\/\/esimerkki.latodesign.fi\/wordpress\/wp-json\/wp\/v2\/comments?post=862"}],"version-history":[{"count":4,"href":"http:\/\/esimerkki.latodesign.fi\/wordpress\/wp-json\/wp\/v2\/pages\/862\/revisions"}],"predecessor-version":[{"id":1088,"href":"http:\/\/esimerkki.latodesign.fi\/wordpress\/wp-json\/wp\/v2\/pages\/862\/revisions\/1088"}],"wp:attachment":[{"href":"http:\/\/esimerkki.latodesign.fi\/wordpress\/wp-json\/wp\/v2\/media?parent=862"}],"curies":[{"name":"wp","href":"https:\/\/api.w.org\/{rel}","templated":true}]}}