{"id":859,"date":"2024-04-12T10:14:42","date_gmt":"2024-04-12T10:14:42","guid":{"rendered":"http:\/\/esimerkki.latodesign.fi\/wordpress\/?page_id=859"},"modified":"2024-04-15T00:13:30","modified_gmt":"2024-04-15T00:13:30","slug":"rivitalomuutoremontti","status":"publish","type":"page","link":"http:\/\/esimerkki.latodesign.fi\/wordpress\/rivitalomuutoremontti\/","title":{"rendered":"rivitalomuutoremontti"},"content":{"rendered":"<style>.kb-row-layout-wrap.wp-block-kadence-rowlayout.kb-row-layout-id859_e0c93b-b3{margin-top:0px;margin-bottom:0px;}.kb-row-layout-id859_e0c93b-b3 > .kt-row-column-wrap{align-content:center;}:where(.kb-row-layout-id859_e0c93b-b3 > .kt-row-column-wrap) > .wp-block-kadence-column{justify-content:center;}.kb-row-layout-id859_e0c93b-b3 > .kt-row-column-wrap{column-gap:var(--global-kb-gap-lg, 4rem);row-gap:var(--global-kb-gap-md, 2rem);padding-top:var(--global-kb-spacing-xl, 4rem);padding-right:var(--global-kb-spacing-lg, 3rem);padding-left:var(--global-kb-spacing-lg, 3rem);grid-template-columns:repeat(2, minmax(0, 1fr));}.kb-row-layout-id859_e0c93b-b3 > .kt-row-layout-overlay{opacity:0.30;}@media all and (max-width: 1024px){.kb-row-layout-id859_e0c93b-b3 > .kt-row-column-wrap{padding-right:0px;padding-left:0px;grid-template-columns:minmax(0, 1fr);}}@media all and (max-width: 767px){.kb-row-layout-id859_e0c93b-b3 > .kt-row-column-wrap{padding-top:var(--global-kb-spacing-xs, 1rem);grid-template-columns:minmax(0, 1fr);}}<\/style><div class=\"kb-row-layout-wrap kb-row-layout-id859_e0c93b-b3 alignfull has-theme-palette9-background-color kt-row-has-bg wp-block-kadence-rowlayout\"><div class=\"kt-row-column-wrap kt-has-2-columns kt-row-layout-equal kt-tab-layout-row kt-mobile-layout-row kt-row-valign-middle\">\n<style>.kadence-column859_6c0eed-a0 > .kt-inside-inner-col,.kadence-column859_6c0eed-a0 > .kt-inside-inner-col:before{border-top-left-radius:0px;border-top-right-radius:0px;border-bottom-right-radius:0px;border-bottom-left-radius:0px;}.kadence-column859_6c0eed-a0 > .kt-inside-inner-col{column-gap:var(--global-kb-gap-sm, 1rem);}.kadence-column859_6c0eed-a0 > .kt-inside-inner-col{flex-direction:column;}.kadence-column859_6c0eed-a0 > .kt-inside-inner-col > .aligncenter{width:100%;}.kadence-column859_6c0eed-a0 > .kt-inside-inner-col:before{opacity:0.3;}.kadence-column859_6c0eed-a0{position:relative;}@media all and (max-width: 1024px){.kadence-column859_6c0eed-a0 > .kt-inside-inner-col{flex-direction:column;}}@media all and (max-width: 767px){.kadence-column859_6c0eed-a0 > .kt-inside-inner-col{flex-direction:column;}}<\/style>\n<div class=\"wp-block-kadence-column kadence-column859_6c0eed-a0\"><div class=\"kt-inside-inner-col\"><style>.kb-gallery-id-859_f96f49-31 .kadence-blocks-gallery-item .kb-gal-image-radius{border-radius:0px 0px 0px 0px;}@media all and (max-width: 767px){.wp-block-kadence-advancedgallery.kb-gallery-wrap-id-859_f96f49-31{padding-right:var(--global-kb-spacing-xs, 1rem);padding-left:var(--global-kb-spacing-xs, 1rem);}}<\/style><div class=\"kb-gallery-wrap-id-859_f96f49-31 alignnone wp-block-kadence-advancedgallery\"><div class=\"kb-gallery-ul kb-gallery-non-static kb-gallery-type-slider kb-gallery-id-859_f96f49-31 kb-gallery-caption-style-bottom-hover kb-gallery-filter-none\" data-image-filter=\"none\" data-lightbox-caption=\"true\"><div class=\"kt-blocks-carousel kt-carousel-container-dotstyle-dark\"><div class=\"kt-blocks-carousel-init kb-blocks-slider kt-carousel-arrowstyle-none kt-carousel-dotstyle-dark\" data-slider-anim-speed=\"400\" data-slider-scroll=\"1\" data-slider-arrows=\"false\" data-slider-fade=\"true\" data-slider-dots=\"true\"data-slider-type=\"slider\"  data-slider-hover-pause=\"false\" data-slider-auto=\"1\" data-slider-speed=\"7000\"><div class=\"kb-slide-item kb-gallery-slide-item\"><div class=\"kadence-blocks-gallery-item\"><div class=\"kadence-blocks-gallery-item-inner\"><figure class=\"kb-gallery-figure kadence-blocks-gallery-item-hide-caption\" \"><div class=\"kb-gal-image-radius\"><div class=\"kb-gallery-image-contain kadence-blocks-gallery-intrinsic kb-gallery-image-ratio-square kb-has-image-ratio-square\" ><img loading=\"lazy\" decoding=\"async\" src=\"http:\/\/esimerkki.latodesign.fi\/wordpress\/wp-content\/uploads\/2024\/04\/Rivitalo_remontti12-768x1024.jpeg\" width=\"768\" height=\"1024\" alt=\"\" data-full-image=\"http:\/\/esimerkki.latodesign.fi\/wordpress\/wp-content\/uploads\/2024\/04\/Rivitalo_remontti12.jpeg\" data-light-image=\"http:\/\/esimerkki.latodesign.fi\/wordpress\/wp-content\/uploads\/2024\/04\/Rivitalo_remontti12.jpeg\" data-id=\"860\" class=\"wp-image-860 skip-lazy\" srcset=\"http:\/\/esimerkki.latodesign.fi\/wordpress\/wp-content\/uploads\/2024\/04\/Rivitalo_remontti12-768x1024.jpeg 768w, http:\/\/esimerkki.latodesign.fi\/wordpress\/wp-content\/uploads\/2024\/04\/Rivitalo_remontti12-225x300.jpeg 225w, http:\/\/esimerkki.latodesign.fi\/wordpress\/wp-content\/uploads\/2024\/04\/Rivitalo_remontti12-1152x1536.jpeg 1152w, http:\/\/esimerkki.latodesign.fi\/wordpress\/wp-content\/uploads\/2024\/04\/Rivitalo_remontti12.jpeg 1200w\" sizes=\"auto, (max-width: 768px) 100vw, 768px\" \/><\/div><\/div><\/figure><\/div><\/div><\/div><\/div><\/div><\/div><\/div><\/div><\/div>\n\n\n<style>.kadence-column859_c2860e-1d > .kt-inside-inner-col{display:flex;}.kadence-column859_c2860e-1d > .kt-inside-inner-col{padding-right:var(--global-kb-spacing-3xl, 6.5rem);padding-left:0px;}.kadence-column859_c2860e-1d > .kt-inside-inner-col,.kadence-column859_c2860e-1d > .kt-inside-inner-col:before{border-top-left-radius:0px;border-top-right-radius:0px;border-bottom-right-radius:0px;border-bottom-left-radius:0px;}.kadence-column859_c2860e-1d > .kt-inside-inner-col{row-gap:var(--global-kb-gap-sm, 1rem);column-gap:var(--global-kb-gap-sm, 1rem);}.kadence-column859_c2860e-1d > .kt-inside-inner-col{flex-direction:column;}.kadence-column859_c2860e-1d > .kt-inside-inner-col > .aligncenter{width:100%;}.kadence-column859_c2860e-1d > .kt-inside-inner-col:before{opacity:0.3;}.kadence-column859_c2860e-1d{position:relative;}@media all and (max-width: 1024px){.kadence-column859_c2860e-1d > .kt-inside-inner-col{padding-top:0px;padding-bottom:var(--global-kb-spacing-lg, 3rem);flex-direction:row;flex-wrap:wrap;justify-content:center;}}@media all and (min-width: 768px) and (max-width: 1024px){.kadence-column859_c2860e-1d > .kt-inside-inner-col > *, .kadence-column859_c2860e-1d > .kt-inside-inner-col > figure.wp-block-image, .kadence-column859_c2860e-1d > .kt-inside-inner-col > figure.wp-block-kadence-image{margin-top:0px;margin-bottom:0px;}.kadence-column859_c2860e-1d > .kt-inside-inner-col > .kb-image-is-ratio-size{flex-grow:1;}}@media all and (max-width: 767px){.kadence-column859_c2860e-1d > .kt-inside-inner-col{padding-right:var(--global-kb-spacing-sm, 1.5rem);padding-left:var(--global-kb-spacing-sm, 1.5rem);flex-direction:row;flex-wrap:wrap;justify-content:center;}.kadence-column859_c2860e-1d > .kt-inside-inner-col > *, .kadence-column859_c2860e-1d > .kt-inside-inner-col > figure.wp-block-image, .kadence-column859_c2860e-1d > .kt-inside-inner-col > figure.wp-block-kadence-image{margin-top:0px;margin-bottom:0px;}.kadence-column859_c2860e-1d > .kt-inside-inner-col > .kb-image-is-ratio-size{flex-grow:1;}}<\/style>\n<div class=\"wp-block-kadence-column kadence-column859_c2860e-1d kb-section-dir-vertical kb-section-md-dir-horizontal\"><div class=\"kt-inside-inner-col\"><style>.wp-block-kadence-advancedheading.kt-adv-heading859_fb9be6-d6, .wp-block-kadence-advancedheading.kt-adv-heading859_fb9be6-d6[data-kb-block=\"kb-adv-heading859_fb9be6-d6\"]{padding-top:0px;margin-top:var(--global-kb-spacing-sm, 1.5rem);text-align:left;font-size:var(--global-kb-font-size-xl, 3rem);line-height:1.2;font-style:normal;}.wp-block-kadence-advancedheading.kt-adv-heading859_fb9be6-d6 mark, .wp-block-kadence-advancedheading.kt-adv-heading859_fb9be6-d6[data-kb-block=\"kb-adv-heading859_fb9be6-d6\"] mark{font-style:normal;color:#f76a0c;padding-top:0px;padding-right:0px;padding-bottom:0px;padding-left:0px;}<\/style>\n<h2 class=\"kt-adv-heading859_fb9be6-d6 wp-block-kadence-advancedheading has-theme-palette-1-color has-text-color\" data-kb-block=\"kb-adv-heading859_fb9be6-d6\">Rivitalon muutosty\u00f6remontti \/ Klaukkala<\/h2>\n\n\n<style>.wp-block-kadence-advancedheading.kt-adv-heading859_6834cf-92, .wp-block-kadence-advancedheading.kt-adv-heading859_6834cf-92[data-kb-block=\"kb-adv-heading859_6834cf-92\"]{display:block;padding-bottom:0px;margin-bottom:0px;text-align:left;font-style:normal;text-transform:uppercase;}.wp-block-kadence-advancedheading.kt-adv-heading859_6834cf-92 mark, .wp-block-kadence-advancedheading.kt-adv-heading859_6834cf-92[data-kb-block=\"kb-adv-heading859_6834cf-92\"] mark{font-style:normal;color:#f76a0c;padding-top:0px;padding-right:0px;padding-bottom:0px;padding-left:0px;}<\/style>\n<span class=\"kt-adv-heading859_6834cf-92 wp-block-kadence-advancedheading has-theme-palette-3-color has-text-color\" data-kb-block=\"kb-adv-heading859_6834cf-92\">Kohde: Rivitalon remontti klaukkalassa v.2023<br><\/span>\n\n\n<style>.wp-block-kadence-advancedheading.kt-adv-heading859_ab42af-bf, .wp-block-kadence-advancedheading.kt-adv-heading859_ab42af-bf[data-kb-block=\"kb-adv-heading859_ab42af-bf\"]{text-align:left;font-style:normal;}.wp-block-kadence-advancedheading.kt-adv-heading859_ab42af-bf mark, .wp-block-kadence-advancedheading.kt-adv-heading859_ab42af-bf[data-kb-block=\"kb-adv-heading859_ab42af-bf\"] mark{font-style:normal;color:#f76a0c;padding-top:0px;padding-right:0px;padding-bottom:0px;padding-left:0px;}<\/style>\n<p class=\"kt-adv-heading859_ab42af-bf wp-block-kadence-advancedheading has-theme-palette-3-color has-text-color\" data-kb-block=\"kb-adv-heading859_ab42af-bf\">Tarvitsetko luotettavaa ja ammattitaitoista urakoitsijaa rivitalon muutosty\u00f6remonttiin? Meid\u00e4n tiimimme on erikoistunut tarjoamaan kattavia muutosty\u00f6palveluita, jotka t\u00e4ytt\u00e4v\u00e4t tarpeesi ja odotuksesi.<br><br>Rivitalon muutosty\u00f6remontti voi sis\u00e4lt\u00e4\u00e4 erilaisia tarpeita, kuten huonej\u00e4rjestelyjen muutoksia, seinien tai lattioiden uudelleenrakentamista, keitti\u00f6n tai kylpyhuoneen p\u00e4ivityst\u00e4 tai muiden tilojen parantamista. Meid\u00e4n kokeneet ammattilaisemme osaavat toteuttaa n\u00e4m\u00e4 muutokset sujuvasti ja huolellisesti.<br><br>Panostamme laatuun ja tarkkuuteen jokaisessa muutosty\u00f6remontissa. K\u00e4yt\u00e4mme laadukkaita materiaaleja ja ty\u00f6kaluja varmistaaksemme kest\u00e4v\u00e4t ja tyylikk\u00e4\u00e4t lopputulokset. Meid\u00e4n ammattitaitoinen tiimimme huolehtii my\u00f6s siit\u00e4, ett\u00e4 muutosty\u00f6 tapahtuu sovitussa aikataulussa ja budjetissa.<br><\/p>\n<\/div><\/div>\n\n<\/div><\/div>","protected":false},"excerpt":{"rendered":"<p>Rivitalon muutosty\u00f6remontti \/ Klaukkala Kohde: Rivitalon remontti klaukkalassa v.2023 Tarvitsetko luotettavaa ja ammattitaitoista urakoitsijaa rivitalon muutosty\u00f6remonttiin? Meid\u00e4n tiimimme on erikoistunut tarjoamaan kattavia muutosty\u00f6palveluita, jotka t\u00e4ytt\u00e4v\u00e4t tarpeesi ja odotuksesi. Rivitalon muutosty\u00f6remontti voi sis\u00e4lt\u00e4\u00e4 erilaisia tarpeita, kuten huonej\u00e4rjestelyjen muutoksia, seinien tai lattioiden uudelleenrakentamista, keitti\u00f6n tai kylpyhuoneen p\u00e4ivityst\u00e4 tai muiden tilojen parantamista. Meid\u00e4n kokeneet ammattilaisemme osaavat toteuttaa n\u00e4m\u00e4&#8230;<\/p>\n","protected":false},"author":1,"featured_media":0,"parent":0,"menu_order":0,"comment_status":"closed","ping_status":"closed","template":"","meta":{"_kadence_starter_templates_imported_post":false,"_kad_post_transparent":"disable","_kad_post_title":"hide","_kad_post_layout":"","_kad_post_sidebar_id":"","_kad_post_content_style":"","_kad_post_vertical_padding":"","_kad_post_feature":"","_kad_post_feature_position":"","_kad_post_header":false,"_kad_post_footer":false,"footnotes":""},"class_list":["post-859","page","type-page","status-publish","hentry"],"_links":{"self":[{"href":"http:\/\/esimerkki.latodesign.fi\/wordpress\/wp-json\/wp\/v2\/pages\/859","targetHints":{"allow":["GET"]}}],"collection":[{"href":"http:\/\/esimerkki.latodesign.fi\/wordpress\/wp-json\/wp\/v2\/pages"}],"about":[{"href":"http:\/\/esimerkki.latodesign.fi\/wordpress\/wp-json\/wp\/v2\/types\/page"}],"author":[{"embeddable":true,"href":"http:\/\/esimerkki.latodesign.fi\/wordpress\/wp-json\/wp\/v2\/users\/1"}],"replies":[{"embeddable":true,"href":"http:\/\/esimerkki.latodesign.fi\/wordpress\/wp-json\/wp\/v2\/comments?post=859"}],"version-history":[{"count":2,"href":"http:\/\/esimerkki.latodesign.fi\/wordpress\/wp-json\/wp\/v2\/pages\/859\/revisions"}],"predecessor-version":[{"id":1095,"href":"http:\/\/esimerkki.latodesign.fi\/wordpress\/wp-json\/wp\/v2\/pages\/859\/revisions\/1095"}],"wp:attachment":[{"href":"http:\/\/esimerkki.latodesign.fi\/wordpress\/wp-json\/wp\/v2\/media?parent=859"}],"curies":[{"name":"wp","href":"https:\/\/api.w.org\/{rel}","templated":true}]}}